{"id":91176,"date":"2025-03-21T02:36:31","date_gmt":"2025-03-21T07:36:31","guid":{"rendered":"https:\/\/thedailyoverview.com\/redaktionsrichtlinien\/"},"modified":"2025-12-28T14:58:16","modified_gmt":"2025-12-28T19:58:16","slug":"redaktionsrichtlinien","status":"publish","type":"page","link":"https:\/\/thedailyoverview.com\/de\/redaktionsrichtlinien\/","title":{"rendered":"Redaktionsrichtlinien"},"content":{"rendered":"\n<p>Vielen Dank f\u00fcr Ihren Besuch bei <strong>The Daily Overview<\/strong>! Hier ist ein \u00dcberblick \u00fcber unsere Redaktionsrichtlinien.<\/p>\n\n<p><strong>UNSERE MISSION:<\/strong><br\/><em>The Daily Overview<\/em> hat sich zum Ziel gesetzt, unserer Community eine genaue, faire und unvoreingenommene Berichterstattung zu bieten. Unsere Mission ist es, praktische Ratschl\u00e4ge, ehrliche Rezensionen und qualitativ hochwertige Inhalte zu liefern, die die Leser informieren, bilden und einbeziehen und gleichzeitig die Grunds\u00e4tze der Integrit\u00e4t, Transparenz und Rechenschaftspflicht wahren. <\/p>\n\n<ul class=\"wp-block-list\">\n<li><strong>Genauigkeit und Fairness:<\/strong> Unser Team \u00fcberpr\u00fcft Informationen sorgf\u00e4ltig, bevor sie ver\u00f6ffentlicht werden. Wir f\u00fchren Informationen auf zuverl\u00e4ssige Quellen zur\u00fcck und bieten eine ausgewogene Darstellung verschiedener Perspektiven, die f\u00fcr die von uns behandelten Themen relevant sind. <\/li>\n\n\n\n<li><strong>Unabh\u00e4ngigkeit und Integrit\u00e4t:<\/strong> Wir verpflichten uns, Interessenkonflikte zu vermeiden, die unsere Inhalte beeintr\u00e4chtigen k\u00f6nnten. <em>The Daily Overview<\/em> unterscheidet klar zwischen praktischen Ratschl\u00e4gen, Rezensionen und Meinungsbeitr\u00e4gen. Wir verzichten auf die Annahme von Geschenken, Gef\u00e4lligkeiten oder Entsch\u00e4digungen, die die Berichterstattung beeinflussen k\u00f6nnten. <\/li>\n\n\n\n<li><strong>Transparenz:<\/strong> Wir legen die bei der Erstellung von Inhalten verwendeten Quellen und Methoden klar offen, korrigieren Fehler umgehend und transparent und kennzeichnen gesponserte oder bezahlte Inhalte eindeutig.<\/li>\n\n\n\n<li><strong>Privatsph\u00e4re und Sensibilit\u00e4t:<\/strong> Wir respektieren die Privatsph\u00e4re des Einzelnen bei der Berichterstattung. Wir lassen Vorsicht und Sensibilit\u00e4t walten, wenn wir pers\u00f6nliche Geschichten erz\u00e4hlen oder sensible Themen behandeln, und vermeiden unn\u00f6tige Sensationsgier. <\/li>\n\n\n\n<li><strong>Redaktionelle Unabh\u00e4ngigkeit und Prozess:<\/strong> <em>The Daily Overview<\/em> unterscheidet klar zwischen redaktionellen Inhalten und Werbung. Wir wahren die redaktionelle Unabh\u00e4ngigkeit von Werbetreibenden. Unser Team folgt einem transparenten redaktionellen Prozess von der Ideenfindung bis zur Ver\u00f6ffentlichung und f\u00fchrt regelm\u00e4\u00dfige Redaktionssitzungen durch, um die Content-Strategie zu bewerten und zu verfeinern.  <\/li>\n\n\n\n<li><strong>Community-Engagement:<\/strong> Wir f\u00f6rdern das Feedback der Leser und konstruktive Kritik. Unser Ziel ist es, ein Gemeinschaftsgef\u00fchl zu f\u00f6rdern, indem wir auf Kommentare und Anfragen der Leser eingehen sowie von Benutzern generierte Inhalte \u00fcberwachen und moderieren, um ein respektvolles und integratives Umfeld zu gew\u00e4hrleisten. <\/li>\n\n\n\n<li><strong>Vielfalt und Inklusivit\u00e4t:<\/strong> Wir bem\u00fchen uns, eine vielf\u00e4ltige Bandbreite an Stimmen, Perspektiven und Gemeinschaften zu repr\u00e4sentieren. Wir achten auf Sprache und Bilder, um die Aufrechterhaltung von Stereotypen oder Vorurteilen zu vermeiden. <\/li>\n\n\n\n<li><strong>Nutzung sozialer Medien:<\/strong> Unser Team nutzt soziale Medien verantwortungsbewusst, um Inhalte zu bewerben und mit dem Publikum in Kontakt zu treten. Wir unterscheiden klar zwischen pers\u00f6nlicher und beruflicher Nutzung sozialer Medien und vermeiden die Weitergabe nicht verifizierter Informationen. <\/li>\n\n\n\n<li><strong>Einhaltung von Rechtsstandards:<\/strong> Wir halten uns an lokale, nationale und internationale Gesetze und Vorschriften und holen bei Bedarf Rechtsrat ein, um die Einhaltung von Gesetzen in Bezug auf Verleumdung, \u00fcble Nachrede und Urheberrecht sicherzustellen.<\/li>\n\n\n\n<li><strong>\u00dcberpr\u00fcfung und \u00dcberarbeitung:<\/strong> Diese redaktionelle Richtlinie wird regelm\u00e4\u00dfig \u00fcberpr\u00fcft und aktualisiert, um sie an sich \u00e4ndernde journalistische Standards, branchen\u00fcbliche Verfahren und die sich entwickelnden Bed\u00fcrfnisse unseres Publikums anzupassen.<br\/>Datum der letzten \u00dcberarbeitung: 13. M\u00e4rz 2025<\/li>\n<\/ul>\n\n<p><strong>REDAKTIONELLE UNABH\u00c4NGIGKEIT:<\/strong><br\/>Wir sind stolz darauf, die redaktionelle Unabh\u00e4ngigkeit zu wahren. Unsere Inhalte werden ohne Einflussnahme von externen Parteien, einschlie\u00dflich Sponsoren oder Werbetreibenden, erstellt. Wir verpflichten uns, unserem Publikum ehrliche, unvoreingenommene und authentische Informationen bereitzustellen.  <\/p>\n\n<p><strong>RICHTLINIEN F\u00dcR INHALTE:<\/strong><\/p>\n\n<ul class=\"wp-block-list\">\n<li><strong>Genauigkeit:<\/strong> Wir arbeiten hart daran, die Genauigkeit aller auf unserer Website pr\u00e4sentierten Informationen sicherzustellen. Unsere Autoren und Redakteure f\u00fchren gr\u00fcndliche Recherchen durch, um Ihnen zuverl\u00e4ssige und aktuelle Inhalte bereitzustellen. Informationen k\u00f6nnen sich jedoch im Laufe der Zeit \u00e4ndern, daher empfehlen wir, alle wichtigen Details unabh\u00e4ngig zu \u00fcberpr\u00fcfen.  <\/li>\n\n\n\n<li><strong>Objektivit\u00e4t:<\/strong> Wir bem\u00fchen uns, in unseren Inhalten einen ausgewogenen und unparteiischen Standpunkt zu wahren. Unser Ziel ist es, eine Vielzahl von Perspektiven zu verschiedenen Themen anzubieten und kritisches Denken und fundierte Entscheidungsfindung zu f\u00f6rdern. <\/li>\n\n\n\n<li><strong>Zitierung und Quellenangabe:<\/strong> Wenn wir auf externe Quellen verweisen, geben wir ordnungsgem\u00e4\u00dfe Zitate und Quellenangaben an. Wir respektieren die Rechte an geistigem Eigentum und stellen sicher, dass die Anerkennung dort erfolgt, wo sie f\u00e4llig ist. <\/li>\n\n\n\n<li><strong>Transparenz:<\/strong> Wenn ein Artikel gesponserte Inhalte oder Affiliate-Links enth\u00e4lt, legen wir dies unseren Lesern klar offen. Unser Hauptaugenmerk liegt auf der Bereitstellung wertvoller Inhalte, wobei alle Partnerschaften zweitrangig gegen\u00fcber dieser Mission sind. <\/li>\n\n\n\n<li><strong>Benutzer-Engagement:<\/strong> Wir ermutigen die Leser, sich \u00fcber Kommentare und soziale Medien mit unseren Inhalten auseinanderzusetzen. Konstruktives Feedback, Fragen und unterschiedliche Standpunkte sind jederzeit willkommen. Ihr Input hilft uns zu wachsen und uns zu verbessern.  <\/li>\n<\/ul>\n\n<p><strong>GESPONSERTE INHALTE:<\/strong><br\/><em>The Daily Overview<\/em> akzeptiert keine gesponserten Inhalte, die unsere redaktionelle Unabh\u00e4ngigkeit beeintr\u00e4chtigen. Alle Partnerschaften, die wir eingehen, werden sorgf\u00e4ltig gepr\u00fcft, um sicherzustellen, dass sie mit unserer Mission und unseren Werten \u00fcbereinstimmen. <\/p>\n\n<ul class=\"wp-block-list\">\n<li><strong>Offenlegung:<\/strong> F\u00fcr den Fall, dass wir Inhalte in Zusammenarbeit mit einem Partner pr\u00e4sentieren, legen wir die Art der Partnerschaft klar offen, um die Transparenz gegen\u00fcber unseren Lesern zu wahren.<\/li>\n\n\n\n<li><strong>Redaktionelle Integrit\u00e4t:<\/strong> Unser Redaktionsteam beh\u00e4lt die volle Kontrolle \u00fcber die Erstellung und Auswahl der auf <em>The Daily Overview<\/em> ver\u00f6ffentlichten Inhalte. Sponsoren oder Werbetreibende haben keinen Einfluss auf die Themen, Meinungen oder Schlussfolgerungen, die in unseren Artikeln, Rezensionen oder anderen Inhaltsformen pr\u00e4sentiert werden. <\/li>\n\n\n\n<li><strong>Keine Billigung:<\/strong> Jede Erw\u00e4hnung von Produkten, Dienstleistungen oder Marken auf unserer Website basiert auf unserem unabh\u00e4ngigen redaktionellen Urteil. Das Fehlen eines Sponsorings impliziert keine Billigung oder Empfehlung. <\/li>\n<\/ul>\n\n<p><strong>DATENSCHUTZ UND DATEN:<\/strong><br\/>Wir legen Wert auf den Datenschutz und die Datensicherheit unserer Leser. Bitte lesen Sie unsere Datenschutzrichtlinie, um Einzelheiten dar\u00fcber zu erfahren, wie wir Ihre pers\u00f6nlichen Daten erfassen, verwenden und sch\u00fctzen. <\/p>\n\n<p><strong>KORREKTUREN UND AKTUALISIERUNGEN:<\/strong><br\/>Bei <em>The Daily Overview<\/em> sind wir bestrebt, unseren Lesern genaue und zuverl\u00e4ssige Informationen bereitzustellen. Im Falle von Fehlern bem\u00fchen wir uns, diese umgehend und transparent zu korrigieren. Diese redaktionelle Richtlinie f\u00fcr Korrekturen beschreibt unseren Ansatz zur Behandlung und Behebung von Fehlern in unseren Inhalten.<\/p>\n\n<ul class=\"wp-block-list\">\n<li><strong>Identifizierung von Fehlern:<\/strong> Unser Redaktionsteam \u00fcberwacht und identifiziert Fehler in ver\u00f6ffentlichten Inhalten. Wir ermutigen die Leser, uns potenzielle Fehler \u00fcber die daf\u00fcr vorgesehenen Kan\u00e4le (E-Mail, Kommentare oder ein spezielles Korrekturformular) mitzuteilen.<\/li>\n\n\n\n<li><strong>Arten von Korrekturen:<\/strong>\n<ul class=\"wp-block-list\">\n<li><em>Kleinere Fehler:<\/em> Tippfehler, Grammatikfehler und kleinere Ungenauigkeiten werden ohne separate Korrekturmitteilung korrigiert.<\/li>\n\n\n\n<li><em>Substantielle Fehler:<\/em> Wesentliche Ungenauigkeiten oder bedeutende Fehler, die das Gesamtverst\u00e4ndnis einer Geschichte beeintr\u00e4chtigen, werden mit einer klaren Korrekturmitteilung korrigiert.<\/li>\n<\/ul>\n<\/li>\n\n\n\n<li><strong>Korrekturprozess:<\/strong> Nach der Identifizierung eines Fehlers \u00fcberpr\u00fcft und verifiziert das Redaktionsteam umgehend die Richtigkeit der Korrektur. Korrekturen werden direkt im Artikel vorgenommen, und am Ende des Artikels wird eine Notiz hinzugef\u00fcgt, die die Art der Korrektur erl\u00e4utert.<\/li>\n\n\n\n<li><strong>Korrekturmitteilung:<\/strong> Eine Korrekturmitteilung enth\u00e4lt eine kurze Erl\u00e4uterung des Fehlers und der vorgenommenen Korrektur. Die Mitteilung wird gut sichtbar am Ende des korrigierten Artikels platziert, um die Sichtbarkeit zu gew\u00e4hrleisten.<\/li>\n\n\n\n<li><strong>Zeitnahe Korrekturen:<\/strong> Korrekturen werden vorgenommen, sobald der Fehler verifiziert wurde. Wenn eine Korrektur das Verst\u00e4ndnis von Eilmeldungen beeintr\u00e4chtigt, werden Anstrengungen unternommen, um sie umgehend und sichtbar zu korrigieren.<\/li>\n\n\n\n<li><strong>Transparenz und Rechenschaftspflicht:<\/strong> Wir sind bestrebt, transparent \u00fcber unsere Fehler zu sein und die Verantwortung f\u00fcr deren Korrektur zu \u00fcbernehmen. Die Korrekturrichtlinie ist f\u00fcr die Leser auf unserer Website leicht zug\u00e4nglich.<\/li>\n\n\n\n<li><strong>Umgang mit R\u00fccknahmen:<\/strong> In F\u00e4llen, in denen ein ver\u00f6ffentlichter Artikel als im Wesentlichen falsch, irref\u00fchrend oder sch\u00e4dlich befunden wird, werden wir eine R\u00fccknahmeerkl\u00e4rung herausgeben. R\u00fccknahmen werden eindeutig gekennzeichnet und der Grund f\u00fcr die R\u00fccknahme der Inhalte erl\u00e4utert.<\/li>\n\n\n\n<li><strong>Leser-Engagement:<\/strong> Wir ermutigen die Leser, sich mit uns bez\u00fcglich Korrekturen auseinanderzusetzen und Feedback zu unserem Korrekturprozess zu geben. Das Feedback der Leser wird f\u00fcr laufende Verbesserungen unserer redaktionellen Prozesse ber\u00fccksichtigt. Wir sind bestrebt, Fehler umgehend zu korrigieren. Wenn Sie Ungenauigkeiten oder veraltete Informationen in unseren Inhalten feststellen, kontaktieren Sie uns bitte unter <a>admin@dailyoverview.com<\/a>, und wir werden uns des Problems annehmen.<\/li>\n\n\n\n<li><strong>\u00dcberpr\u00fcfung und \u00dcberarbeitung:<\/strong> Diese Korrekturrichtlinie wird regelm\u00e4\u00dfig \u00fcberpr\u00fcft und aktualisiert, um ihre Wirksamkeit bei der Aufrechterhaltung der h\u00f6chsten Standards an Genauigkeit und Transparenz sicherzustellen.<br\/>Datum der letzten \u00dcberarbeitung: 13. M\u00e4rz 2025<\/li>\n<\/ul>\n\n<p><strong>URHEBERRECHTSRICHTLINIE:<\/strong><br\/>Alle Inhalte auf <em>The Daily Overview<\/em> sind durch Urheberrechtsgesetze gesch\u00fctzt. Die Vervielf\u00e4ltigung, Verbreitung oder unbefugte Nutzung unserer Inhalte ist ohne ausdr\u00fcckliche Genehmigung untersagt. Wenn Sie unsere Arbeit erneut ver\u00f6ffentlichen oder darauf verweisen m\u00f6chten, kontaktieren Sie uns bitte, um eine Genehmigung zu erhalten.<\/p>\n\n<p><strong>KOMMENTARE UND BENUTZERINHALTE:<\/strong><br\/>Wir sch\u00e4tzen das Engagement der Leser und begr\u00fc\u00dfen Kommentare. Wir behalten uns jedoch das Recht vor, Kommentare, die gegen unsere Community-Richtlinien versto\u00dfen, zu moderieren, zu bearbeiten oder zu entfernen. Bitte beachten Sie, dass wir keine Verantwortung f\u00fcr von Benutzern generierte Inhalte im Kommentarbereich \u00fcbernehmen oder diese billigen.<\/p>\n\n<p><strong>KONTAKTIEREN SIE UNS:<\/strong><br\/>Wenn Sie Fragen, Bedenken oder Feedback zu unseren Redaktionsrichtlinien oder Inhalten auf <em>The Daily Overview<\/em> haben, k\u00f6nnen Sie uns gerne unter business@thedailyoverview.com erreichen.<\/p>\n\n<p><strong>\u00c4NDERUNGEN DER REDAKTIONSRICHTLINIEN:<\/strong><br\/>Wir k\u00f6nnen unsere Redaktionsrichtlinien von Zeit zu Zeit aktualisieren, um \u00c4nderungen unserer Praktiken oder gesetzlichen Anforderungen widerzuspiegeln. Bitte \u00fcberpr\u00fcfen Sie diese Seite auf die neuesten Informationen.<\/p>\n\n<p><strong>DIE DAILY OVERVIEW KI-RICHTLINIE<\/strong><br\/><em>The Daily Overview<\/em> erkennt die potenziellen Vorteile der Integration von Technologien der k\u00fcnstlichen Intelligenz (KI) in unsere Prozesse zur Erstellung von Inhalten. Diese KI-Richtlinie legt unsere Richtlinien f\u00fcr den verantwortungsvollen und ethischen Einsatz von KI fest und wahrt gleichzeitig die Grunds\u00e4tze der Genauigkeit, Fairness, Transparenz und Rechenschaftspflicht.<\/p>\n\n<ul class=\"wp-block-list\">\n<li><strong>Zweck der KI-Integration:<\/strong> KI-Technologien k\u00f6nnen eingesetzt werden, um die Effizienz und Genauigkeit bei der Erstellung und Kuratierung von Inhalten zu verbessern. Unser Ziel ist es, die Produktionsprozesse zu rationalisieren, ohne redaktionelles Urteilsverm\u00f6gen und Ethik zu ersetzen.<\/li>\n\n\n\n<li><strong>Ethische \u00dcberlegungen:<\/strong> KI-Anwendungen werden in \u00dcbereinstimmung mit unseren Werten eingesetzt. Wir stellen sicher, dass KI-Algorithmen keine Vorurteile aufrechterhalten oder zu einer unfairen Darstellung beitragen.<\/li>\n\n\n\n<li><strong>Redaktionelle Aufsicht:<\/strong> Unser Redaktionsteam beh\u00e4lt die volle Kontrolle \u00fcber alle Entscheidungsprozesse. Die Redakteure sind f\u00fcr die \u00dcberwachung und Validierung aller KI-generierten Inhalte verantwortlich.<\/li>\n\n\n\n<li><strong>Datenschutz:<\/strong> Wir sch\u00fctzen die Privatsph\u00e4re der Benutzer und halten uns an die Datenschutzbestimmungen. Unsere Website kommuniziert klar, wie Daten im Zusammenhang mit KI-Technologien erfasst, verarbeitet und verwendet werden.<\/li>\n\n\n\n<li><strong>Transparenz und Offenlegung:<\/strong> Wir legen offen, wann KI-Technologien bei der Erstellung oder Kuratierung von Inhalten eingesetzt werden, und informieren \u00fcber ihre Rolle im redaktionellen Prozess.<\/li>\n\n\n\n<li><strong>Minderung von Verzerrungen:<\/strong> Wir bewerten KI-generierte Inhalte regelm\u00e4\u00dfig, um Verzerrungen zu minimieren und zu korrigieren.<\/li>\n\n\n\n<li><strong>Rechenschaftspflicht und Reaktionsf\u00e4higkeit:<\/strong> Es gibt Mechanismen f\u00fcr die Rechenschaftspflicht im Falle von Fehlern oder unbeabsichtigten Folgen im Zusammenhang mit KI. Wir gehen auf Bedenken und Feedback der Benutzer bez\u00fcglich der KI-Nutzung ein.<\/li>\n\n\n\n<li><strong>Kontinuierliches Lernen und Anpassung:<\/strong> Wir bleiben \u00fcber Fortschritte bei KI-Technologien und ethische \u00dcberlegungen informiert und passen unsere KI-Richtlinien bei Bedarf an, um aufkommende Herausforderungen und Chancen zu bew\u00e4ltigen.<\/li>\n\n\n\n<li><strong>\u00dcberpr\u00fcfung und \u00dcberarbeitung:<\/strong> Diese KI-Richtlinie wird regelm\u00e4\u00dfig \u00fcberpr\u00fcft, um Fortschritte in der KI-Technologie zu ber\u00fccksichtigen, ethische \u00dcberlegungen zu ber\u00fccksichtigen und sich an \u00c4nderungen der branchen\u00fcblichen Verfahren anzupassen.<br\/>Datum der letzten \u00dcberarbeitung: 13. M\u00e4rz 2025<\/li>\n<\/ul>\n","protected":false},"excerpt":{"rendered":"<p>Vielen Dank f\u00fcr Ihren Besuch bei The Daily Overview! Hier ist ein \u00dcberblick \u00fcber unsere Redaktionsrichtlinien. UNSERE MISSION:The Daily Overview hat sich zum Ziel gesetzt, unserer Community eine genaue, faire und unvoreingenommene Berichterstattung zu bieten. Unsere Mission ist es, praktische Ratschl\u00e4ge, ehrliche Rezensionen und qualitativ hochwertige Inhalte zu liefern, die die Leser informieren, bilden und&#8230;<\/p>\n","protected":false},"author":1,"featured_media":0,"parent":0,"menu_order":0,"comment_status":"closed","ping_status":"closed","template":"","meta":{"om_disable_all_campaigns":false,"footnotes":""},"class_list":["post-91176","page","type-page","status-publish","hentry"],"yoast_head":"<!-- This site is optimized with the Yoast SEO plugin v27.5 - https:\/\/yoast.com\/product\/yoast-seo-wordpress\/ -->\n<title>Redaktionsrichtlinien - Der t\u00e4gliche \u00dcberblick<\/title>\n<meta name=\"robots\" content=\"index, follow, max-snippet:-1, max-image-preview:large, max-video-preview:-1\" \/>\n<link rel=\"canonical\" href=\"https:\/\/thedailyoverview.com\/de\/redaktionsrichtlinien\/\" \/>\n<meta property=\"og:locale\" content=\"de_DE\" \/>\n<meta property=\"og:type\" content=\"article\" \/>\n<meta property=\"og:title\" content=\"Redaktionsrichtlinien - Der t\u00e4gliche \u00dcberblick\" \/>\n<meta property=\"og:description\" content=\"Vielen Dank f\u00fcr Ihren Besuch bei The Daily Overview! Hier ist ein \u00dcberblick \u00fcber unsere Redaktionsrichtlinien. UNSERE MISSION:The Daily Overview hat sich zum Ziel gesetzt, unserer Community eine genaue, faire und unvoreingenommene Berichterstattung zu bieten. Unsere Mission ist es, praktische Ratschl\u00e4ge, ehrliche Rezensionen und qualitativ hochwertige Inhalte zu liefern, die die Leser informieren, bilden und...\" \/>\n<meta property=\"og:url\" content=\"https:\/\/thedailyoverview.com\/de\/redaktionsrichtlinien\/\" \/>\n<meta property=\"og:site_name\" content=\"Der t\u00e4gliche \u00dcberblick\" \/>\n<meta property=\"article:modified_time\" content=\"2025-12-28T19:58:16+00:00\" \/>\n<meta name=\"twitter:card\" content=\"summary_large_image\" \/>\n<meta name=\"twitter:site\" content=\"@NateCrossWrites\" \/>\n<meta name=\"twitter:label1\" content=\"Gesch\u00e4tzte Lesezeit\" \/>\n\t<meta name=\"twitter:data1\" content=\"9\u00a0Minuten\" \/>\n<script type=\"application\/ld+json\" class=\"yoast-schema-graph\">{\"@context\":\"https:\\\/\\\/schema.org\",\"@graph\":[{\"@type\":\"WebPage\",\"@id\":\"https:\\\/\\\/thedailyoverview.com\\\/de\\\/redaktionsrichtlinien\\\/\",\"url\":\"https:\\\/\\\/thedailyoverview.com\\\/de\\\/redaktionsrichtlinien\\\/\",\"name\":\"Redaktionsrichtlinien - Der t\u00e4gliche \u00dcberblick\",\"isPartOf\":{\"@id\":\"https:\\\/\\\/thedailyoverview.com\\\/#website\"},\"datePublished\":\"2025-03-21T07:36:31+00:00\",\"dateModified\":\"2025-12-28T19:58:16+00:00\",\"breadcrumb\":{\"@id\":\"https:\\\/\\\/thedailyoverview.com\\\/de\\\/redaktionsrichtlinien\\\/#breadcrumb\"},\"inLanguage\":\"de\",\"potentialAction\":[{\"@type\":\"ReadAction\",\"target\":[\"https:\\\/\\\/thedailyoverview.com\\\/de\\\/redaktionsrichtlinien\\\/\"]}]},{\"@type\":\"BreadcrumbList\",\"@id\":\"https:\\\/\\\/thedailyoverview.com\\\/de\\\/redaktionsrichtlinien\\\/#breadcrumb\",\"itemListElement\":[{\"@type\":\"ListItem\",\"position\":1,\"name\":\"Home\",\"item\":\"https:\\\/\\\/thedailyoverview.com\\\/\"},{\"@type\":\"ListItem\",\"position\":2,\"name\":\"Redaktionsrichtlinien\"}]},{\"@type\":\"WebSite\",\"@id\":\"https:\\\/\\\/thedailyoverview.com\\\/#website\",\"url\":\"https:\\\/\\\/thedailyoverview.com\\\/\",\"name\":\"The Daily Overview\",\"description\":\"Geld, Reichtum &amp; Macht \u2013 Ein t\u00e4glicher Blick auf die Finanzwelt\",\"publisher\":{\"@id\":\"https:\\\/\\\/thedailyoverview.com\\\/#organization\"},\"potentialAction\":[{\"@type\":\"SearchAction\",\"target\":{\"@type\":\"EntryPoint\",\"urlTemplate\":\"https:\\\/\\\/thedailyoverview.com\\\/?s={search_term_string}\"},\"query-input\":{\"@type\":\"PropertyValueSpecification\",\"valueRequired\":true,\"valueName\":\"search_term_string\"}}],\"inLanguage\":\"de\"},{\"@type\":\"Organization\",\"@id\":\"https:\\\/\\\/thedailyoverview.com\\\/#organization\",\"name\":\"The Daily Overview\",\"url\":\"https:\\\/\\\/thedailyoverview.com\\\/\",\"logo\":{\"@type\":\"ImageObject\",\"inLanguage\":\"de\",\"@id\":\"https:\\\/\\\/thedailyoverview.com\\\/#\\\/schema\\\/logo\\\/image\\\/\",\"url\":\"https:\\\/\\\/thedailyoverview.com\\\/wp-content\\\/uploads\\\/2025\\\/03\\\/cropped-9C7A4F1F-7DEB-4CEE-9756-1F709ED7F4F4.png\",\"contentUrl\":\"https:\\\/\\\/thedailyoverview.com\\\/wp-content\\\/uploads\\\/2025\\\/03\\\/cropped-9C7A4F1F-7DEB-4CEE-9756-1F709ED7F4F4.png\",\"width\":2827,\"height\":2827,\"caption\":\"The Daily Overview\"},\"image\":{\"@id\":\"https:\\\/\\\/thedailyoverview.com\\\/#\\\/schema\\\/logo\\\/image\\\/\"},\"sameAs\":[\"https:\\\/\\\/x.com\\\/NateCrossWrites\"]}]}<\/script>\n<!-- \/ Yoast SEO plugin. -->","yoast_head_json":{"title":"Redaktionsrichtlinien - Der t\u00e4gliche \u00dcberblick","robots":{"index":"index","follow":"follow","max-snippet":"max-snippet:-1","max-image-preview":"max-image-preview:large","max-video-preview":"max-video-preview:-1"},"canonical":"https:\/\/thedailyoverview.com\/de\/redaktionsrichtlinien\/","og_locale":"de_DE","og_type":"article","og_title":"Redaktionsrichtlinien - Der t\u00e4gliche \u00dcberblick","og_description":"Vielen Dank f\u00fcr Ihren Besuch bei The Daily Overview! Hier ist ein \u00dcberblick \u00fcber unsere Redaktionsrichtlinien. UNSERE MISSION:The Daily Overview hat sich zum Ziel gesetzt, unserer Community eine genaue, faire und unvoreingenommene Berichterstattung zu bieten. Unsere Mission ist es, praktische Ratschl\u00e4ge, ehrliche Rezensionen und qualitativ hochwertige Inhalte zu liefern, die die Leser informieren, bilden und...","og_url":"https:\/\/thedailyoverview.com\/de\/redaktionsrichtlinien\/","og_site_name":"Der t\u00e4gliche \u00dcberblick","article_modified_time":"2025-12-28T19:58:16+00:00","twitter_card":"summary_large_image","twitter_site":"@NateCrossWrites","twitter_misc":{"Gesch\u00e4tzte Lesezeit":"9\u00a0Minuten"},"schema":{"@context":"https:\/\/schema.org","@graph":[{"@type":"WebPage","@id":"https:\/\/thedailyoverview.com\/de\/redaktionsrichtlinien\/","url":"https:\/\/thedailyoverview.com\/de\/redaktionsrichtlinien\/","name":"Redaktionsrichtlinien - Der t\u00e4gliche \u00dcberblick","isPartOf":{"@id":"https:\/\/thedailyoverview.com\/#website"},"datePublished":"2025-03-21T07:36:31+00:00","dateModified":"2025-12-28T19:58:16+00:00","breadcrumb":{"@id":"https:\/\/thedailyoverview.com\/de\/redaktionsrichtlinien\/#breadcrumb"},"inLanguage":"de","potentialAction":[{"@type":"ReadAction","target":["https:\/\/thedailyoverview.com\/de\/redaktionsrichtlinien\/"]}]},{"@type":"BreadcrumbList","@id":"https:\/\/thedailyoverview.com\/de\/redaktionsrichtlinien\/#breadcrumb","itemListElement":[{"@type":"ListItem","position":1,"name":"Home","item":"https:\/\/thedailyoverview.com\/"},{"@type":"ListItem","position":2,"name":"Redaktionsrichtlinien"}]},{"@type":"WebSite","@id":"https:\/\/thedailyoverview.com\/#website","url":"https:\/\/thedailyoverview.com\/","name":"The Daily Overview","description":"Geld, Reichtum &amp; Macht \u2013 Ein t\u00e4glicher Blick auf die Finanzwelt","publisher":{"@id":"https:\/\/thedailyoverview.com\/#organization"},"potentialAction":[{"@type":"SearchAction","target":{"@type":"EntryPoint","urlTemplate":"https:\/\/thedailyoverview.com\/?s={search_term_string}"},"query-input":{"@type":"PropertyValueSpecification","valueRequired":true,"valueName":"search_term_string"}}],"inLanguage":"de"},{"@type":"Organization","@id":"https:\/\/thedailyoverview.com\/#organization","name":"The Daily Overview","url":"https:\/\/thedailyoverview.com\/","logo":{"@type":"ImageObject","inLanguage":"de","@id":"https:\/\/thedailyoverview.com\/#\/schema\/logo\/image\/","url":"https:\/\/thedailyoverview.com\/wp-content\/uploads\/2025\/03\/cropped-9C7A4F1F-7DEB-4CEE-9756-1F709ED7F4F4.png","contentUrl":"https:\/\/thedailyoverview.com\/wp-content\/uploads\/2025\/03\/cropped-9C7A4F1F-7DEB-4CEE-9756-1F709ED7F4F4.png","width":2827,"height":2827,"caption":"The Daily Overview"},"image":{"@id":"https:\/\/thedailyoverview.com\/#\/schema\/logo\/image\/"},"sameAs":["https:\/\/x.com\/NateCrossWrites"]}]}},"_links":{"self":[{"href":"https:\/\/thedailyoverview.com\/de\/wp-json\/wp\/v2\/pages\/91176","targetHints":{"allow":["GET"]}}],"collection":[{"href":"https:\/\/thedailyoverview.com\/de\/wp-json\/wp\/v2\/pages"}],"about":[{"href":"https:\/\/thedailyoverview.com\/de\/wp-json\/wp\/v2\/types\/page"}],"author":[{"embeddable":true,"href":"https:\/\/thedailyoverview.com\/de\/wp-json\/wp\/v2\/users\/1"}],"replies":[{"embeddable":true,"href":"https:\/\/thedailyoverview.com\/de\/wp-json\/wp\/v2\/comments?post=91176"}],"version-history":[{"count":1,"href":"https:\/\/thedailyoverview.com\/de\/wp-json\/wp\/v2\/pages\/91176\/revisions"}],"predecessor-version":[{"id":91179,"href":"https:\/\/thedailyoverview.com\/de\/wp-json\/wp\/v2\/pages\/91176\/revisions\/91179"}],"wp:attachment":[{"href":"https:\/\/thedailyoverview.com\/de\/wp-json\/wp\/v2\/media?parent=91176"}],"curies":[{"name":"wp","href":"https:\/\/api.w.org\/{rel}","templated":true}]}}