{"id":91210,"date":"2022-01-15T12:51:37","date_gmt":"2022-01-15T17:51:37","guid":{"rendered":"https:\/\/thedailyoverview.com\/kontaktieren-sie-uns\/"},"modified":"2025-12-28T14:59:28","modified_gmt":"2025-12-28T19:59:28","slug":"kontaktieren-sie-uns","status":"publish","type":"page","link":"https:\/\/thedailyoverview.com\/de\/kontaktieren-sie-uns\/","title":{"rendered":"Kontaktieren Sie uns"},"content":{"rendered":"\n<p>Wir freuen uns \u00fcber Ihr Interesse an <em>The Daily Overview<\/em>! Ob Sie eine Frage, einen Nachrichtentipp oder eine gesch\u00e4ftliche Anfrage haben, wir sind f\u00fcr Sie da.<\/p>\n\n<p>F\u00fcr alle Anfragen, einschlie\u00dflich redaktioneller Fragen, Werbem\u00f6glichkeiten und allgemeinem Feedback, kontaktieren Sie uns bitte unter:<\/p>\n\n<p>\ud83d\udce7 business@thedailyoverview.com<\/p>\n\n<p>Unser Team wird sich bem\u00fchen, so schnell wie m\u00f6glich zu antworten. Vielen Dank f\u00fcr Ihre Kontaktaufnahme \u2013 wir freuen uns darauf, von Ihnen zu h\u00f6ren! <\/p>\n\n<p><\/p>\n","protected":false},"excerpt":{"rendered":"<p>Wir freuen uns \u00fcber Ihr Interesse an The Daily Overview! Ob Sie eine Frage, einen Nachrichtentipp oder eine gesch\u00e4ftliche Anfrage haben, wir sind f\u00fcr Sie da. F\u00fcr alle Anfragen, einschlie\u00dflich redaktioneller Fragen, Werbem\u00f6glichkeiten und allgemeinem Feedback, kontaktieren Sie uns bitte unter: \ud83d\udce7 business@thedailyoverview.com Unser Team wird sich bem\u00fchen, so schnell wie m\u00f6glich zu antworten. Vielen&#8230;<\/p>\n","protected":false},"author":1,"featured_media":0,"parent":0,"menu_order":0,"comment_status":"closed","ping_status":"closed","template":"elementor_header_footer","meta":{"om_disable_all_campaigns":false,"footnotes":""},"class_list":["post-91210","page","type-page","status-publish","hentry"],"yoast_head":"<!-- This site is optimized with the Yoast SEO plugin v27.5 - https:\/\/yoast.com\/product\/yoast-seo-wordpress\/ -->\n<title>Kontaktieren Sie uns - Der t\u00e4gliche \u00dcberblick<\/title>\n<meta name=\"robots\" content=\"index, follow, max-snippet:-1, max-image-preview:large, max-video-preview:-1\" \/>\n<link rel=\"canonical\" href=\"https:\/\/thedailyoverview.com\/de\/kontaktieren-sie-uns\/\" \/>\n<meta property=\"og:locale\" content=\"de_DE\" \/>\n<meta property=\"og:type\" content=\"article\" \/>\n<meta property=\"og:title\" content=\"Kontaktieren Sie uns - Der t\u00e4gliche \u00dcberblick\" \/>\n<meta property=\"og:description\" content=\"Wir freuen uns \u00fcber Ihr Interesse an The Daily Overview! Ob Sie eine Frage, einen Nachrichtentipp oder eine gesch\u00e4ftliche Anfrage haben, wir sind f\u00fcr Sie da. F\u00fcr alle Anfragen, einschlie\u00dflich redaktioneller Fragen, Werbem\u00f6glichkeiten und allgemeinem Feedback, kontaktieren Sie uns bitte unter: \ud83d\udce7 business@thedailyoverview.com Unser Team wird sich bem\u00fchen, so schnell wie m\u00f6glich zu antworten. Vielen...\" \/>\n<meta property=\"og:url\" content=\"https:\/\/thedailyoverview.com\/de\/kontaktieren-sie-uns\/\" \/>\n<meta property=\"og:site_name\" content=\"Der t\u00e4gliche \u00dcberblick\" \/>\n<meta property=\"article:modified_time\" content=\"2025-12-28T19:59:28+00:00\" \/>\n<meta name=\"twitter:card\" content=\"summary_large_image\" \/>\n<meta name=\"twitter:site\" content=\"@NateCrossWrites\" \/>\n<script type=\"application\/ld+json\" class=\"yoast-schema-graph\">{\"@context\":\"https:\\\/\\\/schema.org\",\"@graph\":[{\"@type\":\"WebPage\",\"@id\":\"https:\\\/\\\/thedailyoverview.com\\\/de\\\/kontaktieren-sie-uns\\\/\",\"url\":\"https:\\\/\\\/thedailyoverview.com\\\/de\\\/kontaktieren-sie-uns\\\/\",\"name\":\"Kontaktieren Sie uns - Der t\u00e4gliche \u00dcberblick\",\"isPartOf\":{\"@id\":\"https:\\\/\\\/thedailyoverview.com\\\/#website\"},\"datePublished\":\"2022-01-15T17:51:37+00:00\",\"dateModified\":\"2025-12-28T19:59:28+00:00\",\"breadcrumb\":{\"@id\":\"https:\\\/\\\/thedailyoverview.com\\\/de\\\/kontaktieren-sie-uns\\\/#breadcrumb\"},\"inLanguage\":\"de\",\"potentialAction\":[{\"@type\":\"ReadAction\",\"target\":[\"https:\\\/\\\/thedailyoverview.com\\\/de\\\/kontaktieren-sie-uns\\\/\"]}]},{\"@type\":\"BreadcrumbList\",\"@id\":\"https:\\\/\\\/thedailyoverview.com\\\/de\\\/kontaktieren-sie-uns\\\/#breadcrumb\",\"itemListElement\":[{\"@type\":\"ListItem\",\"position\":1,\"name\":\"Home\",\"item\":\"https:\\\/\\\/thedailyoverview.com\\\/\"},{\"@type\":\"ListItem\",\"position\":2,\"name\":\"Kontaktieren Sie uns\"}]},{\"@type\":\"WebSite\",\"@id\":\"https:\\\/\\\/thedailyoverview.com\\\/#website\",\"url\":\"https:\\\/\\\/thedailyoverview.com\\\/\",\"name\":\"The Daily Overview\",\"description\":\"Geld, Reichtum &amp; Macht \u2013 Ein t\u00e4glicher Blick auf die Finanzwelt\",\"publisher\":{\"@id\":\"https:\\\/\\\/thedailyoverview.com\\\/#organization\"},\"potentialAction\":[{\"@type\":\"SearchAction\",\"target\":{\"@type\":\"EntryPoint\",\"urlTemplate\":\"https:\\\/\\\/thedailyoverview.com\\\/?s={search_term_string}\"},\"query-input\":{\"@type\":\"PropertyValueSpecification\",\"valueRequired\":true,\"valueName\":\"search_term_string\"}}],\"inLanguage\":\"de\"},{\"@type\":\"Organization\",\"@id\":\"https:\\\/\\\/thedailyoverview.com\\\/#organization\",\"name\":\"The Daily Overview\",\"url\":\"https:\\\/\\\/thedailyoverview.com\\\/\",\"logo\":{\"@type\":\"ImageObject\",\"inLanguage\":\"de\",\"@id\":\"https:\\\/\\\/thedailyoverview.com\\\/#\\\/schema\\\/logo\\\/image\\\/\",\"url\":\"https:\\\/\\\/thedailyoverview.com\\\/wp-content\\\/uploads\\\/2025\\\/03\\\/cropped-9C7A4F1F-7DEB-4CEE-9756-1F709ED7F4F4.png\",\"contentUrl\":\"https:\\\/\\\/thedailyoverview.com\\\/wp-content\\\/uploads\\\/2025\\\/03\\\/cropped-9C7A4F1F-7DEB-4CEE-9756-1F709ED7F4F4.png\",\"width\":2827,\"height\":2827,\"caption\":\"The Daily Overview\"},\"image\":{\"@id\":\"https:\\\/\\\/thedailyoverview.com\\\/#\\\/schema\\\/logo\\\/image\\\/\"},\"sameAs\":[\"https:\\\/\\\/x.com\\\/NateCrossWrites\"]}]}<\/script>\n<!-- \/ Yoast SEO plugin. -->","yoast_head_json":{"title":"Kontaktieren Sie uns - Der t\u00e4gliche \u00dcberblick","robots":{"index":"index","follow":"follow","max-snippet":"max-snippet:-1","max-image-preview":"max-image-preview:large","max-video-preview":"max-video-preview:-1"},"canonical":"https:\/\/thedailyoverview.com\/de\/kontaktieren-sie-uns\/","og_locale":"de_DE","og_type":"article","og_title":"Kontaktieren Sie uns - Der t\u00e4gliche \u00dcberblick","og_description":"Wir freuen uns \u00fcber Ihr Interesse an The Daily Overview! Ob Sie eine Frage, einen Nachrichtentipp oder eine gesch\u00e4ftliche Anfrage haben, wir sind f\u00fcr Sie da. F\u00fcr alle Anfragen, einschlie\u00dflich redaktioneller Fragen, Werbem\u00f6glichkeiten und allgemeinem Feedback, kontaktieren Sie uns bitte unter: \ud83d\udce7 business@thedailyoverview.com Unser Team wird sich bem\u00fchen, so schnell wie m\u00f6glich zu antworten. Vielen...","og_url":"https:\/\/thedailyoverview.com\/de\/kontaktieren-sie-uns\/","og_site_name":"Der t\u00e4gliche \u00dcberblick","article_modified_time":"2025-12-28T19:59:28+00:00","twitter_card":"summary_large_image","twitter_site":"@NateCrossWrites","schema":{"@context":"https:\/\/schema.org","@graph":[{"@type":"WebPage","@id":"https:\/\/thedailyoverview.com\/de\/kontaktieren-sie-uns\/","url":"https:\/\/thedailyoverview.com\/de\/kontaktieren-sie-uns\/","name":"Kontaktieren Sie uns - Der t\u00e4gliche \u00dcberblick","isPartOf":{"@id":"https:\/\/thedailyoverview.com\/#website"},"datePublished":"2022-01-15T17:51:37+00:00","dateModified":"2025-12-28T19:59:28+00:00","breadcrumb":{"@id":"https:\/\/thedailyoverview.com\/de\/kontaktieren-sie-uns\/#breadcrumb"},"inLanguage":"de","potentialAction":[{"@type":"ReadAction","target":["https:\/\/thedailyoverview.com\/de\/kontaktieren-sie-uns\/"]}]},{"@type":"BreadcrumbList","@id":"https:\/\/thedailyoverview.com\/de\/kontaktieren-sie-uns\/#breadcrumb","itemListElement":[{"@type":"ListItem","position":1,"name":"Home","item":"https:\/\/thedailyoverview.com\/"},{"@type":"ListItem","position":2,"name":"Kontaktieren Sie uns"}]},{"@type":"WebSite","@id":"https:\/\/thedailyoverview.com\/#website","url":"https:\/\/thedailyoverview.com\/","name":"The Daily Overview","description":"Geld, Reichtum &amp; Macht \u2013 Ein t\u00e4glicher Blick auf die Finanzwelt","publisher":{"@id":"https:\/\/thedailyoverview.com\/#organization"},"potentialAction":[{"@type":"SearchAction","target":{"@type":"EntryPoint","urlTemplate":"https:\/\/thedailyoverview.com\/?s={search_term_string}"},"query-input":{"@type":"PropertyValueSpecification","valueRequired":true,"valueName":"search_term_string"}}],"inLanguage":"de"},{"@type":"Organization","@id":"https:\/\/thedailyoverview.com\/#organization","name":"The Daily Overview","url":"https:\/\/thedailyoverview.com\/","logo":{"@type":"ImageObject","inLanguage":"de","@id":"https:\/\/thedailyoverview.com\/#\/schema\/logo\/image\/","url":"https:\/\/thedailyoverview.com\/wp-content\/uploads\/2025\/03\/cropped-9C7A4F1F-7DEB-4CEE-9756-1F709ED7F4F4.png","contentUrl":"https:\/\/thedailyoverview.com\/wp-content\/uploads\/2025\/03\/cropped-9C7A4F1F-7DEB-4CEE-9756-1F709ED7F4F4.png","width":2827,"height":2827,"caption":"The Daily Overview"},"image":{"@id":"https:\/\/thedailyoverview.com\/#\/schema\/logo\/image\/"},"sameAs":["https:\/\/x.com\/NateCrossWrites"]}]}},"_links":{"self":[{"href":"https:\/\/thedailyoverview.com\/de\/wp-json\/wp\/v2\/pages\/91210","targetHints":{"allow":["GET"]}}],"collection":[{"href":"https:\/\/thedailyoverview.com\/de\/wp-json\/wp\/v2\/pages"}],"about":[{"href":"https:\/\/thedailyoverview.com\/de\/wp-json\/wp\/v2\/types\/page"}],"author":[{"embeddable":true,"href":"https:\/\/thedailyoverview.com\/de\/wp-json\/wp\/v2\/users\/1"}],"replies":[{"embeddable":true,"href":"https:\/\/thedailyoverview.com\/de\/wp-json\/wp\/v2\/comments?post=91210"}],"version-history":[{"count":1,"href":"https:\/\/thedailyoverview.com\/de\/wp-json\/wp\/v2\/pages\/91210\/revisions"}],"predecessor-version":[{"id":91211,"href":"https:\/\/thedailyoverview.com\/de\/wp-json\/wp\/v2\/pages\/91210\/revisions\/91211"}],"wp:attachment":[{"href":"https:\/\/thedailyoverview.com\/de\/wp-json\/wp\/v2\/media?parent=91210"}],"curies":[{"name":"wp","href":"https:\/\/api.w.org\/{rel}","templated":true}]}}