{"id":91202,"date":"2025-03-21T02:36:31","date_gmt":"2025-03-21T07:36:31","guid":{"rendered":"https:\/\/thedailyoverview.com\/politica-editorial\/"},"modified":"2025-12-28T14:58:37","modified_gmt":"2025-12-28T19:58:37","slug":"politica-editorial","status":"publish","type":"page","link":"https:\/\/thedailyoverview.com\/es\/politica-editorial\/","title":{"rendered":"Pol\u00edtica editorial"},"content":{"rendered":"\n<p>\u00a1Gracias por visitar <strong>The Daily Overview<\/strong>! Aqu\u00ed tiene una descripci\u00f3n general de nuestra pol\u00edtica editorial.<\/p>\n\n<p><strong>NUESTRA MISI\u00d3N:<\/strong><br\/><em>The Daily Overview<\/em> se compromete a proporcionar una cobertura precisa, justa e imparcial para nuestra comunidad. Nuestra misi\u00f3n es ofrecer consejos pr\u00e1cticos, rese\u00f1as honestas y contenido de alta calidad que informe, eduque e involucre a los lectores, al tiempo que defiende los principios de integridad, transparencia y responsabilidad. <\/p>\n\n<ul class=\"wp-block-list\">\n<li><strong>Precisi\u00f3n e imparcialidad:<\/strong> Nuestro equipo verifica rigurosamente la informaci\u00f3n antes de publicarla. Atribuimos la informaci\u00f3n a fuentes fiables y proporcionamos una representaci\u00f3n equilibrada de las diversas perspectivas relevantes para los temas que tratamos. <\/li>\n\n\n\n<li><strong>Independencia e integridad:<\/strong> Nos comprometemos a evitar conflictos de intereses que puedan comprometer nuestro contenido. <em>The Daily Overview<\/em> distingue claramente entre consejos pr\u00e1cticos, rese\u00f1as y art\u00edculos de opini\u00f3n. Nos abstenemos de aceptar regalos, favores o compensaciones que puedan influir en la informaci\u00f3n. <\/li>\n\n\n\n<li><strong>Transparencia:<\/strong> Divulgamos claramente las fuentes y los m\u00e9todos utilizados en la creaci\u00f3n de contenido, corregimos los errores de forma r\u00e1pida y transparente, y etiquetamos claramente el contenido patrocinado o de pago.<\/li>\n\n\n\n<li><strong>Privacidad y sensibilidad:<\/strong> Respetamos los derechos de privacidad de las personas en la informaci\u00f3n. Actuamos con cautela y sensibilidad al compartir historias personales o cubrir temas delicados, y evitamos el sensacionalismo innecesario. <\/li>\n\n\n\n<li><strong>Independencia y proceso editorial:<\/strong> <em>The Daily Overview<\/em> distingue claramente entre el contenido editorial y la publicidad. Mantenemos la independencia editorial de los anunciantes. Nuestro equipo sigue un proceso editorial transparente desde la generaci\u00f3n de ideas hasta la publicaci\u00f3n, y celebra reuniones editoriales peri\u00f3dicas para evaluar y perfeccionar la estrategia de contenido.  <\/li>\n\n\n\n<li><strong>Participaci\u00f3n de la comunidad:<\/strong> Fomentamos los comentarios de los lectores y las cr\u00edticas constructivas. Nuestro objetivo es fomentar un sentido de comunidad respondiendo a los comentarios y preguntas de los lectores, as\u00ed como supervisando y moderando el contenido generado por los usuarios para garantizar un entorno respetuoso e inclusivo. <\/li>\n\n\n\n<li><strong>Diversidad e inclusi\u00f3n:<\/strong> Nos esforzamos por representar una amplia gama de voces, perspectivas y comunidades. Somos conscientes del lenguaje y las im\u00e1genes para evitar perpetuar estereotipos o prejuicios. <\/li>\n\n\n\n<li><strong>Uso de las redes sociales:<\/strong> Nuestro equipo utiliza las redes sociales de forma responsable para promocionar el contenido e interactuar con el p\u00fablico. Distinguimos claramente entre el uso personal y profesional de las redes sociales y evitamos compartir informaci\u00f3n no verificada. <\/li>\n\n\n\n<li><strong>Cumplimiento de las normas legales:<\/strong> Cumplimos las leyes y normativas locales, nacionales e internacionales, y buscamos asesoramiento jur\u00eddico cuando es necesario para garantizar el cumplimiento de las leyes sobre difamaci\u00f3n, calumnias y derechos de autor.<\/li>\n\n\n\n<li><strong>Revisi\u00f3n y modificaci\u00f3n:<\/strong> Esta pol\u00edtica de directrices editoriales se revisar\u00e1 y actualizar\u00e1 peri\u00f3dicamente para adaptarla a las normas period\u00edsticas cambiantes, a las mejores pr\u00e1cticas del sector y a las necesidades cambiantes de nuestro p\u00fablico.<br\/>Fecha de la \u00faltima revisi\u00f3n: 13 de marzo de 2025<\/li>\n<\/ul>\n\n<p><strong>INDEPENDENCIA EDITORIAL:<\/strong><br\/>Nos enorgullecemos de mantener la independencia editorial. Nuestro contenido se crea sin ninguna influencia de terceros, incluidos patrocinadores o anunciantes. Nos comprometemos a proporcionar informaci\u00f3n honesta, imparcial y aut\u00e9ntica a nuestro p\u00fablico.  <\/p>\n\n<p><strong>DIRECTRICES DE CONTENIDO:<\/strong><\/p>\n\n<ul class=\"wp-block-list\">\n<li><strong>Precisi\u00f3n:<\/strong> Trabajamos arduamente para garantizar la precisi\u00f3n de toda la informaci\u00f3n presentada en nuestro sitio web. Nuestros redactores y editores llevan a cabo una investigaci\u00f3n exhaustiva para proporcionarle contenido fiable y actualizado. Sin embargo, la informaci\u00f3n puede cambiar con el tiempo, por lo que le recomendamos que verifique cualquier detalle cr\u00edtico de forma independiente.  <\/li>\n\n\n\n<li><strong>Objetividad:<\/strong> Nos esforzamos por mantener un punto de vista equilibrado e imparcial en nuestro contenido. Nuestro objetivo es ofrecer una variedad de perspectivas sobre diversos temas, fomentando el pensamiento cr\u00edtico y la toma de decisiones informadas. <\/li>\n\n\n\n<li><strong>Citas y atribuciones:<\/strong> Cuando hacemos referencia a fuentes externas, proporcionamos las citas y atribuciones adecuadas. Respetamos los derechos de propiedad intelectual y nos aseguramos de que se d\u00e9 el cr\u00e9dito donde corresponde. <\/li>\n\n\n\n<li><strong>Transparencia:<\/strong> Si un art\u00edculo contiene contenido patrocinado o enlaces de afiliados, lo revelamos claramente a nuestros lectores. Nuestro objetivo principal es ofrecer contenido valioso, siendo cualquier asociaci\u00f3n secundaria a esa misi\u00f3n. <\/li>\n\n\n\n<li><strong>Participaci\u00f3n del usuario:<\/strong> Animamos a los lectores a interactuar con nuestro contenido a trav\u00e9s de comentarios y redes sociales. Los comentarios constructivos, las preguntas y los diversos puntos de vista son siempre bienvenidos. Su aportaci\u00f3n nos ayuda a crecer y mejorar.  <\/li>\n<\/ul>\n\n<p><strong>CONTENIDO PATROCINADO:<\/strong><br\/><em>The Daily Overview<\/em> no acepta contenido patrocinado que comprometa nuestra independencia editorial. Cualquier asociaci\u00f3n en la que participemos se examina cuidadosamente para garantizar que se alinea con nuestra misi\u00f3n y nuestros valores. <\/p>\n\n<ul class=\"wp-block-list\">\n<li><strong>Divulgaci\u00f3n:<\/strong> En el caso de que presentemos contenido en colaboraci\u00f3n con un socio, divulgaremos claramente la naturaleza de la asociaci\u00f3n para mantener la transparencia con nuestros lectores.<\/li>\n\n\n\n<li><strong>Integridad editorial:<\/strong> Nuestro equipo editorial conserva el control total sobre la creaci\u00f3n y selecci\u00f3n del contenido publicado en <em>The Daily Overview<\/em>. Los patrocinadores o anunciantes no influyen en los temas, las opiniones o las conclusiones presentadas en nuestros art\u00edculos, rese\u00f1as o cualquier otra forma de contenido. <\/li>\n\n\n\n<li><strong>Sin respaldo:<\/strong> Cualquier menci\u00f3n de productos, servicios o marcas en nuestro sitio web se basa en nuestro juicio editorial independiente. La ausencia de patrocinio no implica respaldo ni recomendaci\u00f3n. <\/li>\n<\/ul>\n\n<p><strong>PRIVACIDAD Y DATOS:<\/strong><br\/>Valoramos la privacidad y la seguridad de los datos de nuestros lectores. Consulte nuestra Pol\u00edtica de privacidad para obtener m\u00e1s informaci\u00f3n sobre c\u00f3mo recopilamos, utilizamos y protegemos su informaci\u00f3n personal. <\/p>\n\n<p><strong>CORRECCIONES Y ACTUALIZACIONES:<\/strong><br\/>En <em>The Daily Overview<\/em>, nos comprometemos a proporcionar informaci\u00f3n precisa y fiable a nuestros lectores. En caso de errores, nos esforzamos por corregirlos de forma r\u00e1pida y transparente. Esta pol\u00edtica de correcciones editoriales describe nuestro enfoque para abordar y rectificar los errores en nuestro contenido.  <\/p>\n\n<ul class=\"wp-block-list\">\n<li><strong>Identificaci\u00f3n de errores:<\/strong> Nuestro equipo editorial supervisa e identifica los errores en el contenido publicado. Animamos a los lectores a que se\u00f1alen los posibles errores a nuestra atenci\u00f3n a trav\u00e9s de los canales designados (correo electr\u00f3nico, comentarios o un formulario de correcciones espec\u00edfico). <\/li>\n\n\n\n<li><strong>Tipos de correcciones:<\/strong>\n<ul class=\"wp-block-list\">\n<li><em>Errores menores:<\/em> Las erratas, los errores gramaticales y las imprecisiones menores se corregir\u00e1n sin un aviso de correcci\u00f3n aparte.<\/li>\n\n\n\n<li><em>Errores sustanciales:<\/em> Las imprecisiones materiales o los errores significativos que afecten a la comprensi\u00f3n general de una historia se corregir\u00e1n con un aviso de correcci\u00f3n claro.<\/li>\n<\/ul>\n<\/li>\n\n\n\n<li><strong>Proceso de correcciones:<\/strong> Tras la identificaci\u00f3n de un error, el equipo editorial revisar\u00e1 y verificar\u00e1 r\u00e1pidamente la exactitud de la correcci\u00f3n. Las correcciones se realizar\u00e1n directamente en el art\u00edculo, y se a\u00f1adir\u00e1 una nota al final del art\u00edculo explicando la naturaleza de la correcci\u00f3n. <\/li>\n\n\n\n<li><strong>Aviso de correcci\u00f3n:<\/strong> Un aviso de correcci\u00f3n incluir\u00e1 una breve explicaci\u00f3n del error y la correcci\u00f3n realizada. El aviso se colocar\u00e1 de forma destacada al final del art\u00edculo corregido para garantizar su visibilidad. <\/li>\n\n\n\n<li><strong>Plazos de las correcciones:<\/strong> Las correcciones se realizar\u00e1n tan pronto como se verifique el error. Si una correcci\u00f3n afecta a la comprensi\u00f3n de las noticias de \u00faltima hora, se har\u00e1 todo lo posible por corregirla de forma r\u00e1pida y visible. <\/li>\n\n\n\n<li><strong>Transparencia y responsabilidad:<\/strong> Nos comprometemos a ser transparentes sobre nuestros errores y a asumir la responsabilidad de corregirlos. La pol\u00edtica de correcciones es f\u00e1cilmente accesible para los lectores en nuestro sitio web. <\/li>\n\n\n\n<li><strong>Gesti\u00f3n de retractaciones:<\/strong> En los casos en que se determine que un art\u00edculo publicado es sustancialmente incorrecto, enga\u00f1oso o perjudicial, emitiremos un aviso de retractaci\u00f3n. Las retractaciones se etiquetar\u00e1n claramente, explicando el motivo de la retractaci\u00f3n del contenido. <\/li>\n\n\n\n<li><strong>Participaci\u00f3n del lector:<\/strong> Animamos a los lectores a que se pongan en contacto con nosotros en relaci\u00f3n con las correcciones y a que nos den su opini\u00f3n sobre nuestro proceso de correcciones. Los comentarios de los lectores se tendr\u00e1n en cuenta para las mejoras continuas de nuestros procesos editoriales. Nos comprometemos a corregir cualquier error con prontitud. Si observa imprecisiones o informaci\u00f3n obsoleta en nuestro contenido, p\u00f3ngase en contacto con nosotros en <a>admin@dailyoverview.com<\/a> y abordaremos el problema.   <\/li>\n\n\n\n<li><strong>Revisi\u00f3n y modificaci\u00f3n:<\/strong> Esta pol\u00edtica de correcciones se revisar\u00e1 y actualizar\u00e1 peri\u00f3dicamente para garantizar su eficacia en el mantenimiento de los m\u00e1s altos est\u00e1ndares de precisi\u00f3n y transparencia.<br\/>Fecha de la \u00faltima revisi\u00f3n: 13 de marzo de 2025<\/li>\n<\/ul>\n\n<p><strong>POL\u00cdTICA DE DERECHOS DE AUTOR:<\/strong><br\/>Todo el contenido de <em>The Daily Overview<\/em> est\u00e1 protegido por las leyes de derechos de autor. La reproducci\u00f3n, distribuci\u00f3n o uso no autorizado de nuestro contenido est\u00e1 prohibido sin el permiso expl\u00edcito. Si desea volver a publicar o hacer referencia a nuestro trabajo, p\u00f3ngase en contacto con nosotros para obtener la aprobaci\u00f3n.  <\/p>\n\n<p><strong>COMENTARIOS Y CONTENIDO DEL USUARIO:<\/strong><br\/>Valoramos la participaci\u00f3n de los lectores y agradecemos los comentarios. Sin embargo, nos reservamos el derecho de moderar, editar o eliminar los comentarios que violen nuestras directrices de la comunidad. Tenga en cuenta que no respaldamos ni nos hacemos responsables del contenido generado por los usuarios en la secci\u00f3n de comentarios.  <\/p>\n\n<p><strong>CONTACTO:<\/strong><br\/>Si tiene alguna pregunta, duda o comentario sobre nuestra pol\u00edtica editorial o cualquier contenido de <em>The Daily Overview<\/em>, no dude en ponerse en contacto con nosotros en business@thedailyoverview.com.<\/p>\n\n<p><strong>CAMBIOS EN LA POL\u00cdTICA EDITORIAL:<\/strong><br\/>Es posible que actualicemos nuestra pol\u00edtica editorial de vez en cuando para reflejar los cambios en nuestras pr\u00e1cticas o requisitos legales. Consulte esta p\u00e1gina para obtener la informaci\u00f3n m\u00e1s reciente. <\/p>\n\n<p><strong>LA POL\u00cdTICA DE IA DE THE DAILY OVERVIEW<\/strong><br\/><em>The Daily Overview<\/em> reconoce los beneficios potenciales de incorporar tecnolog\u00edas de inteligencia artificial (IA) en nuestros procesos de creaci\u00f3n de contenido. Esta pol\u00edtica de IA establece nuestras directrices para el uso responsable y \u00e9tico de la IA, al tiempo que defiende los principios de precisi\u00f3n, equidad, transparencia y responsabilidad. <\/p>\n\n<ul class=\"wp-block-list\">\n<li><strong>Prop\u00f3sito de la integraci\u00f3n de la IA:<\/strong> Las tecnolog\u00edas de IA pueden emplearse para mejorar la eficiencia y la precisi\u00f3n en la creaci\u00f3n y selecci\u00f3n de contenido. Nuestro objetivo es agilizar los procesos de producci\u00f3n sin reemplazar el juicio y la \u00e9tica editorial. <\/li>\n\n\n\n<li><strong>Consideraciones \u00e9ticas:<\/strong> Las aplicaciones de la IA se utilizan en consonancia con nuestros valores. Nos aseguramos de que los algoritmos de la IA no perpet\u00faen los sesgos ni contribuyan a una representaci\u00f3n injusta. <\/li>\n\n\n\n<li><strong>Supervisi\u00f3n editorial:<\/strong> Nuestro equipo editorial mantiene el control total sobre todos los procesos de toma de decisiones. Los editores son responsables de supervisar y validar todo el contenido generado por la IA. <\/li>\n\n\n\n<li><strong>Privacidad de los datos:<\/strong> Protegemos la privacidad de los usuarios y cumplimos las normativas de protecci\u00f3n de datos. Nuestro sitio comunica claramente c\u00f3mo se recopilan, procesan y utilizan los datos en relaci\u00f3n con las tecnolog\u00edas de IA. <\/li>\n\n\n\n<li><strong>Transparencia y divulgaci\u00f3n:<\/strong> Divulgamos cu\u00e1ndo se utilizan tecnolog\u00edas de IA en la creaci\u00f3n o selecci\u00f3n de contenido y proporcionamos informaci\u00f3n sobre su funci\u00f3n en el proceso editorial.<\/li>\n\n\n\n<li><strong>Mitigaci\u00f3n de sesgos:<\/strong> Evaluamos peri\u00f3dicamente el contenido generado por la IA para minimizar y corregir los sesgos.<\/li>\n\n\n\n<li><strong>Responsabilidad y capacidad de respuesta:<\/strong> Se han establecido mecanismos de responsabilidad en caso de errores o consecuencias no deseadas relacionadas con la IA. Respondemos a las preocupaciones y comentarios de los usuarios con respecto al uso de la IA. <\/li>\n\n\n\n<li><strong>Aprendizaje continuo y adaptaci\u00f3n:<\/strong> Nos mantenemos informados sobre los avances en las tecnolog\u00edas de IA y las consideraciones \u00e9ticas, adaptando nuestras pol\u00edticas de IA seg\u00fan sea necesario para abordar los desaf\u00edos y oportunidades emergentes.<\/li>\n\n\n\n<li><strong>Revisi\u00f3n y modificaci\u00f3n:<\/strong> Esta pol\u00edtica de IA se someter\u00e1 a una revisi\u00f3n peri\u00f3dica para incorporar los avances en la tecnolog\u00eda de IA, abordar las consideraciones \u00e9ticas y adaptarse a los cambios en las mejores pr\u00e1cticas de la industria.<br\/>Fecha de la \u00faltima revisi\u00f3n: 13 de marzo de 2025<\/li>\n<\/ul>\n","protected":false},"excerpt":{"rendered":"<p>\u00a1Gracias por visitar The Daily Overview! Aqu\u00ed tiene una descripci\u00f3n general de nuestra pol\u00edtica editorial. NUESTRA MISI\u00d3N:The Daily Overview se compromete a proporcionar una cobertura precisa, justa e imparcial para nuestra comunidad. Nuestra misi\u00f3n es ofrecer consejos pr\u00e1cticos, rese\u00f1as honestas y contenido de alta calidad que informe, eduque e involucre a los lectores, al tiempo&#8230;<\/p>\n","protected":false},"author":1,"featured_media":0,"parent":0,"menu_order":0,"comment_status":"closed","ping_status":"closed","template":"","meta":{"om_disable_all_campaigns":false,"footnotes":""},"class_list":["post-91202","page","type-page","status-publish","hentry"],"yoast_head":"<!-- This site is optimized with the Yoast SEO plugin v27.5 - https:\/\/yoast.com\/product\/yoast-seo-wordpress\/ -->\n<title>Pol\u00edtica editorial - La visi\u00f3n general diaria<\/title>\n<meta name=\"robots\" content=\"index, follow, max-snippet:-1, max-image-preview:large, max-video-preview:-1\" \/>\n<link rel=\"canonical\" href=\"https:\/\/thedailyoverview.com\/es\/politica-editorial\/\" \/>\n<meta property=\"og:locale\" content=\"es_ES\" \/>\n<meta property=\"og:type\" content=\"article\" \/>\n<meta property=\"og:title\" content=\"Pol\u00edtica editorial - La visi\u00f3n general diaria\" \/>\n<meta property=\"og:description\" content=\"\u00a1Gracias por visitar The Daily Overview! Aqu\u00ed tiene una descripci\u00f3n general de nuestra pol\u00edtica editorial. NUESTRA MISI\u00d3N:The Daily Overview se compromete a proporcionar una cobertura precisa, justa e imparcial para nuestra comunidad. Nuestra misi\u00f3n es ofrecer consejos pr\u00e1cticos, rese\u00f1as honestas y contenido de alta calidad que informe, eduque e involucre a los lectores, al tiempo...\" \/>\n<meta property=\"og:url\" content=\"https:\/\/thedailyoverview.com\/es\/politica-editorial\/\" \/>\n<meta property=\"og:site_name\" content=\"La visi\u00f3n general diaria\" \/>\n<meta property=\"article:modified_time\" content=\"2025-12-28T19:58:37+00:00\" \/>\n<meta name=\"twitter:card\" content=\"summary_large_image\" \/>\n<meta name=\"twitter:site\" content=\"@NateCrossWrites\" \/>\n<meta name=\"twitter:label1\" content=\"Tiempo de lectura\" \/>\n\t<meta name=\"twitter:data1\" content=\"10 minutos\" \/>\n<script type=\"application\/ld+json\" class=\"yoast-schema-graph\">{\"@context\":\"https:\\\/\\\/schema.org\",\"@graph\":[{\"@type\":\"WebPage\",\"@id\":\"https:\\\/\\\/thedailyoverview.com\\\/es\\\/politica-editorial\\\/\",\"url\":\"https:\\\/\\\/thedailyoverview.com\\\/es\\\/politica-editorial\\\/\",\"name\":\"Pol\u00edtica editorial - La visi\u00f3n general diaria\",\"isPartOf\":{\"@id\":\"https:\\\/\\\/thedailyoverview.com\\\/#website\"},\"datePublished\":\"2025-03-21T07:36:31+00:00\",\"dateModified\":\"2025-12-28T19:58:37+00:00\",\"breadcrumb\":{\"@id\":\"https:\\\/\\\/thedailyoverview.com\\\/es\\\/politica-editorial\\\/#breadcrumb\"},\"inLanguage\":\"es\",\"potentialAction\":[{\"@type\":\"ReadAction\",\"target\":[\"https:\\\/\\\/thedailyoverview.com\\\/es\\\/politica-editorial\\\/\"]}]},{\"@type\":\"BreadcrumbList\",\"@id\":\"https:\\\/\\\/thedailyoverview.com\\\/es\\\/politica-editorial\\\/#breadcrumb\",\"itemListElement\":[{\"@type\":\"ListItem\",\"position\":1,\"name\":\"Home\",\"item\":\"https:\\\/\\\/thedailyoverview.com\\\/\"},{\"@type\":\"ListItem\",\"position\":2,\"name\":\"Pol\u00edtica editorial\"}]},{\"@type\":\"WebSite\",\"@id\":\"https:\\\/\\\/thedailyoverview.com\\\/#website\",\"url\":\"https:\\\/\\\/thedailyoverview.com\\\/\",\"name\":\"The Daily Overview\",\"description\":\"Dinero, riqueza y poder: una mirada diaria al mundo financiero\",\"publisher\":{\"@id\":\"https:\\\/\\\/thedailyoverview.com\\\/#organization\"},\"potentialAction\":[{\"@type\":\"SearchAction\",\"target\":{\"@type\":\"EntryPoint\",\"urlTemplate\":\"https:\\\/\\\/thedailyoverview.com\\\/?s={search_term_string}\"},\"query-input\":{\"@type\":\"PropertyValueSpecification\",\"valueRequired\":true,\"valueName\":\"search_term_string\"}}],\"inLanguage\":\"es\"},{\"@type\":\"Organization\",\"@id\":\"https:\\\/\\\/thedailyoverview.com\\\/#organization\",\"name\":\"The Daily Overview\",\"url\":\"https:\\\/\\\/thedailyoverview.com\\\/\",\"logo\":{\"@type\":\"ImageObject\",\"inLanguage\":\"es\",\"@id\":\"https:\\\/\\\/thedailyoverview.com\\\/#\\\/schema\\\/logo\\\/image\\\/\",\"url\":\"https:\\\/\\\/thedailyoverview.com\\\/wp-content\\\/uploads\\\/2025\\\/03\\\/cropped-9C7A4F1F-7DEB-4CEE-9756-1F709ED7F4F4.png\",\"contentUrl\":\"https:\\\/\\\/thedailyoverview.com\\\/wp-content\\\/uploads\\\/2025\\\/03\\\/cropped-9C7A4F1F-7DEB-4CEE-9756-1F709ED7F4F4.png\",\"width\":2827,\"height\":2827,\"caption\":\"The Daily Overview\"},\"image\":{\"@id\":\"https:\\\/\\\/thedailyoverview.com\\\/#\\\/schema\\\/logo\\\/image\\\/\"},\"sameAs\":[\"https:\\\/\\\/x.com\\\/NateCrossWrites\"]}]}<\/script>\n<!-- \/ Yoast SEO plugin. -->","yoast_head_json":{"title":"Pol\u00edtica editorial - La visi\u00f3n general diaria","robots":{"index":"index","follow":"follow","max-snippet":"max-snippet:-1","max-image-preview":"max-image-preview:large","max-video-preview":"max-video-preview:-1"},"canonical":"https:\/\/thedailyoverview.com\/es\/politica-editorial\/","og_locale":"es_ES","og_type":"article","og_title":"Pol\u00edtica editorial - La visi\u00f3n general diaria","og_description":"\u00a1Gracias por visitar The Daily Overview! Aqu\u00ed tiene una descripci\u00f3n general de nuestra pol\u00edtica editorial. NUESTRA MISI\u00d3N:The Daily Overview se compromete a proporcionar una cobertura precisa, justa e imparcial para nuestra comunidad. Nuestra misi\u00f3n es ofrecer consejos pr\u00e1cticos, rese\u00f1as honestas y contenido de alta calidad que informe, eduque e involucre a los lectores, al tiempo...","og_url":"https:\/\/thedailyoverview.com\/es\/politica-editorial\/","og_site_name":"La visi\u00f3n general diaria","article_modified_time":"2025-12-28T19:58:37+00:00","twitter_card":"summary_large_image","twitter_site":"@NateCrossWrites","twitter_misc":{"Tiempo de lectura":"10 minutos"},"schema":{"@context":"https:\/\/schema.org","@graph":[{"@type":"WebPage","@id":"https:\/\/thedailyoverview.com\/es\/politica-editorial\/","url":"https:\/\/thedailyoverview.com\/es\/politica-editorial\/","name":"Pol\u00edtica editorial - La visi\u00f3n general diaria","isPartOf":{"@id":"https:\/\/thedailyoverview.com\/#website"},"datePublished":"2025-03-21T07:36:31+00:00","dateModified":"2025-12-28T19:58:37+00:00","breadcrumb":{"@id":"https:\/\/thedailyoverview.com\/es\/politica-editorial\/#breadcrumb"},"inLanguage":"es","potentialAction":[{"@type":"ReadAction","target":["https:\/\/thedailyoverview.com\/es\/politica-editorial\/"]}]},{"@type":"BreadcrumbList","@id":"https:\/\/thedailyoverview.com\/es\/politica-editorial\/#breadcrumb","itemListElement":[{"@type":"ListItem","position":1,"name":"Home","item":"https:\/\/thedailyoverview.com\/"},{"@type":"ListItem","position":2,"name":"Pol\u00edtica editorial"}]},{"@type":"WebSite","@id":"https:\/\/thedailyoverview.com\/#website","url":"https:\/\/thedailyoverview.com\/","name":"The Daily Overview","description":"Dinero, riqueza y poder: una mirada diaria al mundo financiero","publisher":{"@id":"https:\/\/thedailyoverview.com\/#organization"},"potentialAction":[{"@type":"SearchAction","target":{"@type":"EntryPoint","urlTemplate":"https:\/\/thedailyoverview.com\/?s={search_term_string}"},"query-input":{"@type":"PropertyValueSpecification","valueRequired":true,"valueName":"search_term_string"}}],"inLanguage":"es"},{"@type":"Organization","@id":"https:\/\/thedailyoverview.com\/#organization","name":"The Daily Overview","url":"https:\/\/thedailyoverview.com\/","logo":{"@type":"ImageObject","inLanguage":"es","@id":"https:\/\/thedailyoverview.com\/#\/schema\/logo\/image\/","url":"https:\/\/thedailyoverview.com\/wp-content\/uploads\/2025\/03\/cropped-9C7A4F1F-7DEB-4CEE-9756-1F709ED7F4F4.png","contentUrl":"https:\/\/thedailyoverview.com\/wp-content\/uploads\/2025\/03\/cropped-9C7A4F1F-7DEB-4CEE-9756-1F709ED7F4F4.png","width":2827,"height":2827,"caption":"The Daily Overview"},"image":{"@id":"https:\/\/thedailyoverview.com\/#\/schema\/logo\/image\/"},"sameAs":["https:\/\/x.com\/NateCrossWrites"]}]}},"_links":{"self":[{"href":"https:\/\/thedailyoverview.com\/es\/wp-json\/wp\/v2\/pages\/91202","targetHints":{"allow":["GET"]}}],"collection":[{"href":"https:\/\/thedailyoverview.com\/es\/wp-json\/wp\/v2\/pages"}],"about":[{"href":"https:\/\/thedailyoverview.com\/es\/wp-json\/wp\/v2\/types\/page"}],"author":[{"embeddable":true,"href":"https:\/\/thedailyoverview.com\/es\/wp-json\/wp\/v2\/users\/1"}],"replies":[{"embeddable":true,"href":"https:\/\/thedailyoverview.com\/es\/wp-json\/wp\/v2\/comments?post=91202"}],"version-history":[{"count":1,"href":"https:\/\/thedailyoverview.com\/es\/wp-json\/wp\/v2\/pages\/91202\/revisions"}],"predecessor-version":[{"id":91208,"href":"https:\/\/thedailyoverview.com\/es\/wp-json\/wp\/v2\/pages\/91202\/revisions\/91208"}],"wp:attachment":[{"href":"https:\/\/thedailyoverview.com\/es\/wp-json\/wp\/v2\/media?parent=91202"}],"curies":[{"name":"wp","href":"https:\/\/api.w.org\/{rel}","templated":true}]}}