{"id":91181,"date":"2025-03-21T02:36:31","date_gmt":"2025-03-21T07:36:31","guid":{"rendered":"https:\/\/thedailyoverview.com\/politique-editoriale\/"},"modified":"2025-12-28T14:58:16","modified_gmt":"2025-12-28T19:58:16","slug":"politique-editoriale","status":"publish","type":"page","link":"https:\/\/thedailyoverview.com\/fr\/politique-editoriale\/","title":{"rendered":"Politique \u00e9ditoriale"},"content":{"rendered":"\n<p>Merci de visiter <strong>The Daily Overview<\/strong>\u00a0! Voici un aper\u00e7u de notre politique \u00e9ditoriale.<\/p>\n\n<p><strong>NOTRE MISSION\u00a0:<\/strong><br\/><em>The Daily Overview<\/em> s\u2019engage \u00e0 fournir une couverture pr\u00e9cise, \u00e9quitable et impartiale \u00e0 notre communaut\u00e9. Notre mission est de fournir des conseils pratiques, des critiques honn\u00eates et un contenu de haute qualit\u00e9 qui informe, \u00e9duque et engage les lecteurs tout en respectant les principes d\u2019int\u00e9grit\u00e9, de transparence et de responsabilit\u00e9. <\/p>\n\n<ul class=\"wp-block-list\">\n<li><strong>Exactitude et \u00e9quit\u00e9\u00a0:<\/strong> Notre \u00e9quipe v\u00e9rifie rigoureusement les informations avant de les publier. Nous attribuons les informations \u00e0 des sources fiables et fournissons une repr\u00e9sentation \u00e9quilibr\u00e9e des diverses perspectives pertinentes aux sujets que nous couvrons. <\/li>\n\n\n\n<li><strong>Ind\u00e9pendance et int\u00e9grit\u00e9\u00a0:<\/strong> Nous nous engageons \u00e0 \u00e9viter les conflits d\u2019int\u00e9r\u00eats qui pourraient compromettre notre contenu. <em>The Daily Overview<\/em> distingue clairement les conseils pratiques, les critiques et les articles d\u2019opinion. Nous nous abstenons d\u2019accepter des cadeaux, des faveurs ou une compensation qui pourraient influencer les reportages. <\/li>\n\n\n\n<li><strong>Transparence\u00a0:<\/strong> Nous divulguons clairement les sources et les m\u00e9thodes utilis\u00e9es dans la cr\u00e9ation de contenu, corrigeons les erreurs rapidement et de mani\u00e8re transparente, et \u00e9tiquetons clairement le contenu commandit\u00e9 ou payant.<\/li>\n\n\n\n<li><strong>Confidentialit\u00e9 et sensibilit\u00e9\u00a0:<\/strong> Nous respectons les droits \u00e0 la vie priv\u00e9e des personnes dans nos reportages. Nous faisons preuve de prudence et de sensibilit\u00e9 lorsque nous partageons des histoires personnelles ou que nous couvrons des sujets sensibles et \u00e9vitons tout sensationnalisme inutile. <\/li>\n\n\n\n<li><strong>Ind\u00e9pendance et processus \u00e9ditoriaux\u00a0:<\/strong> <em>The Daily Overview<\/em> distingue clairement le contenu \u00e9ditorial de la publicit\u00e9. Nous maintenons l\u2019ind\u00e9pendance \u00e9ditoriale par rapport aux annonceurs. Notre \u00e9quipe suit un processus \u00e9ditorial transparent, de la g\u00e9n\u00e9ration d\u2019id\u00e9es \u00e0 la publication, et organise des r\u00e9unions \u00e9ditoriales r\u00e9guli\u00e8res pour \u00e9valuer et affiner la strat\u00e9gie de contenu.  <\/li>\n\n\n\n<li><strong>Engagement communautaire\u00a0:<\/strong> Nous encourageons les commentaires des lecteurs et les critiques constructives. Notre objectif est de favoriser un sentiment de communaut\u00e9 en r\u00e9pondant aux commentaires et aux demandes des lecteurs, ainsi qu\u2019en surveillant et en mod\u00e9rant le contenu g\u00e9n\u00e9r\u00e9 par les utilisateurs afin de garantir un environnement respectueux et inclusif. <\/li>\n\n\n\n<li><strong>Diversit\u00e9 et inclusion\u00a0:<\/strong> Nous nous effor\u00e7ons de repr\u00e9senter un \u00e9ventail diversifi\u00e9 de voix, de perspectives et de communaut\u00e9s. Nous sommes attentifs au langage et aux images afin d\u2019\u00e9viter de perp\u00e9tuer les st\u00e9r\u00e9otypes ou les pr\u00e9jug\u00e9s. <\/li>\n\n\n\n<li><strong>Utilisation des m\u00e9dias sociaux\u00a0:<\/strong> Notre \u00e9quipe utilise les m\u00e9dias sociaux de mani\u00e8re responsable pour promouvoir le contenu et interagir avec le public. Nous distinguons clairement l\u2019utilisation personnelle et professionnelle des m\u00e9dias sociaux et \u00e9vitons de partager des informations non v\u00e9rifi\u00e9es. <\/li>\n\n\n\n<li><strong>Conformit\u00e9 aux normes juridiques\u00a0:<\/strong> Nous respectons les lois et r\u00e9glementations locales, nationales et internationales et demandons des conseils juridiques si n\u00e9cessaire pour assurer la conformit\u00e9 aux lois sur la diffamation, la calomnie et le droit d\u2019auteur.<\/li>\n\n\n\n<li><strong>Examen et r\u00e9vision\u00a0:<\/strong> Cette politique de directives \u00e9ditoriales sera r\u00e9guli\u00e8rement revue et mise \u00e0 jour afin de s\u2019adapter \u00e0 l\u2019\u00e9volution des normes journalistiques, aux meilleures pratiques de l\u2019industrie et aux besoins changeants de notre public.<br\/>Date de la derni\u00e8re r\u00e9vision\u00a0: 13\u00a0mars\u00a02025<\/li>\n<\/ul>\n\n<p><strong>IND\u00c9PENDANCE \u00c9DITORIALE\u00a0:<\/strong><br\/>Nous sommes fiers de maintenir notre ind\u00e9pendance \u00e9ditoriale. Notre contenu est cr\u00e9\u00e9 sans aucune influence de parties externes, y compris des commanditaires ou des annonceurs. Nous nous engageons \u00e0 fournir des informations honn\u00eates, impartiales et authentiques \u00e0 notre public.  <\/p>\n\n<p><strong>LIGNES DIRECTRICES RELATIVES AU CONTENU\u00a0:<\/strong><\/p>\n\n<ul class=\"wp-block-list\">\n<li><strong>Exactitude\u00a0:<\/strong> Nous travaillons fort pour assurer l\u2019exactitude de toutes les informations pr\u00e9sent\u00e9es sur notre site Web. Nos r\u00e9dacteurs et \u00e9diteurs m\u00e8nent des recherches approfondies pour vous fournir un contenu fiable et \u00e0 jour. Cependant, les informations peuvent changer au fil du temps, nous vous recommandons donc de v\u00e9rifier tout d\u00e9tail essentiel de mani\u00e8re ind\u00e9pendante.  <\/li>\n\n\n\n<li><strong>Objectivit\u00e9\u00a0:<\/strong> Nous nous effor\u00e7ons de maintenir un point de vue \u00e9quilibr\u00e9 et impartial dans notre contenu. Notre objectif est d\u2019offrir une vari\u00e9t\u00e9 de perspectives sur divers sujets, en encourageant la pens\u00e9e critique et la prise de d\u00e9cision \u00e9clair\u00e9e. <\/li>\n\n\n\n<li><strong>Citation et attribution\u00a0:<\/strong> Lorsque nous faisons r\u00e9f\u00e9rence \u00e0 des sources externes, nous fournissons des citations et une attribution appropri\u00e9es. Nous respectons les droits de propri\u00e9t\u00e9 intellectuelle et veillons \u00e0 ce que le cr\u00e9dit soit accord\u00e9 l\u00e0 o\u00f9 il est d\u00fb. <\/li>\n\n\n\n<li><strong>Transparence\u00a0:<\/strong> Si un article contient du contenu commandit\u00e9 ou des liens d\u2019affiliation, nous le divulguons clairement \u00e0 nos lecteurs. Notre objectif principal est de fournir un contenu de valeur, tout partenariat \u00e9tant secondaire \u00e0 cette mission. <\/li>\n\n\n\n<li><strong>Engagement des utilisateurs\u00a0:<\/strong> Nous encourageons les lecteurs \u00e0 interagir avec notre contenu par le biais de commentaires et des m\u00e9dias sociaux. Les commentaires constructifs, les questions et les divers points de vue sont toujours les bienvenus. Votre contribution nous aide \u00e0 grandir et \u00e0 nous am\u00e9liorer.  <\/li>\n<\/ul>\n\n<p><strong>CONTENU COMMANDIT\u00c9\u00a0:<\/strong><br\/><em>The Daily Overview<\/em> n\u2019accepte pas de contenu commandit\u00e9 qui compromet notre ind\u00e9pendance \u00e9ditoriale. Tout partenariat dans lequel nous nous engageons est soigneusement examin\u00e9 afin de s\u2019assurer qu\u2019il correspond \u00e0 notre mission et \u00e0 nos valeurs. <\/p>\n\n<ul class=\"wp-block-list\">\n<li><strong>Divulgation\u00a0:<\/strong> Dans le cas o\u00f9 nous pr\u00e9sentons du contenu en collaboration avec un partenaire, nous divulguerons clairement la nature du partenariat afin de maintenir la transparence avec nos lecteurs.<\/li>\n\n\n\n<li><strong>Int\u00e9grit\u00e9 \u00e9ditoriale\u00a0:<\/strong> Notre \u00e9quipe \u00e9ditoriale conserve le contr\u00f4le total sur la cr\u00e9ation et la s\u00e9lection du contenu publi\u00e9 sur <em>The Daily Overview<\/em>. Les commanditaires ou les annonceurs n\u2019influencent pas les sujets, les opinions ou les conclusions pr\u00e9sent\u00e9s dans nos articles, nos critiques ou toute autre forme de contenu. <\/li>\n\n\n\n<li><strong>Aucune approbation\u00a0:<\/strong> Toute mention de produits, de services ou de marques sur notre site Web est bas\u00e9e sur notre jugement \u00e9ditorial ind\u00e9pendant. L\u2019absence de commandite n\u2019implique pas une approbation ou une recommandation. <\/li>\n<\/ul>\n\n<p><strong>CONFIDENTIALIT\u00c9 ET DONN\u00c9ES\u00a0:<\/strong><br\/>Nous accordons de l\u2019importance \u00e0 la confidentialit\u00e9 et \u00e0 la s\u00e9curit\u00e9 des donn\u00e9es de nos lecteurs. Veuillez consulter notre politique de confidentialit\u00e9 pour obtenir des d\u00e9tails sur la fa\u00e7on dont nous recueillons, utilisons et prot\u00e9geons vos renseignements personnels. <\/p>\n\n<p><strong>CORRECTIONS ET MISES \u00c0 JOUR\u00a0:<\/strong><br\/>Chez <em>The Daily Overview<\/em>, nous nous engageons \u00e0 fournir des informations exactes et fiables \u00e0 nos lecteurs. En cas d\u2019erreurs, nous nous effor\u00e7ons de les corriger rapidement et de mani\u00e8re transparente. Cette politique de corrections \u00e9ditoriales d\u00e9crit notre approche pour traiter et rectifier les erreurs dans notre contenu.  <\/p>\n\n<ul class=\"wp-block-list\">\n<li><strong>Identification des erreurs\u00a0:<\/strong> Notre \u00e9quipe \u00e9ditoriale surveille et identifie les erreurs dans le contenu publi\u00e9. Nous encourageons les lecteurs \u00e0 porter les erreurs potentielles \u00e0 notre attention par le biais de canaux d\u00e9sign\u00e9s (courriel, commentaires ou un formulaire de corrections d\u00e9di\u00e9). <\/li>\n\n\n\n<li><strong>Types de corrections&nbsp;:<\/strong>\n<ul class=\"wp-block-list\">\n<li><em>Erreurs mineures\u00a0:<\/em> Les coquilles, les erreurs grammaticales et les inexactitudes mineures seront corrig\u00e9es sans avis de correction distinct.<\/li>\n\n\n\n<li><em>Erreurs importantes\u00a0:<\/em> Les inexactitudes mat\u00e9rielles ou les erreurs importantes qui ont une incidence sur la compr\u00e9hension globale d\u2019une histoire seront corrig\u00e9es avec un avis de correction clair.<\/li>\n<\/ul>\n<\/li>\n\n\n\n<li><strong>Processus de correction\u00a0:<\/strong> D\u00e8s l\u2019identification d\u2019une erreur, l\u2019\u00e9quipe \u00e9ditoriale examinera et v\u00e9rifiera rapidement l\u2019exactitude de la correction. Les corrections seront apport\u00e9es directement dans l\u2019article, et une note sera ajout\u00e9e \u00e0 la fin de l\u2019article expliquant la nature de la correction. <\/li>\n\n\n\n<li><strong>Avis de correction\u00a0:<\/strong> Un avis de correction comprendra une br\u00e8ve explication de l\u2019erreur et de la correction apport\u00e9e. L\u2019avis sera plac\u00e9 bien en \u00e9vidence \u00e0 la fin de l\u2019article corrig\u00e9 afin d\u2019en assurer la visibilit\u00e9. <\/li>\n\n\n\n<li><strong>D\u00e9lai de correction\u00a0:<\/strong> Les corrections seront apport\u00e9es d\u00e8s que l\u2019erreur sera v\u00e9rifi\u00e9e. Si une correction a une incidence sur la compr\u00e9hension des nouvelles de derni\u00e8re heure, des efforts seront d\u00e9ploy\u00e9s pour la corriger rapidement et visiblement. <\/li>\n\n\n\n<li><strong>Transparence et responsabilit\u00e9\u00a0:<\/strong> Nous nous engageons \u00e0 \u00eatre transparents au sujet de nos erreurs et \u00e0 assumer la responsabilit\u00e9 de les corriger. La politique de corrections est facilement accessible aux lecteurs sur notre site Web. <\/li>\n\n\n\n<li><strong>Traitement des r\u00e9tractations\u00a0:<\/strong> Dans les cas o\u00f9 un article publi\u00e9 s\u2019av\u00e8re \u00eatre substantiellement incorrect, trompeur ou nuisible, nous publierons un avis de r\u00e9tractation. Les r\u00e9tractations seront clairement \u00e9tiquet\u00e9es, expliquant la raison de la r\u00e9tractation du contenu. <\/li>\n\n\n\n<li><strong>Engagement des lecteurs\u00a0:<\/strong> Nous encourageons les lecteurs \u00e0 communiquer avec nous au sujet des corrections et \u00e0 fournir des commentaires sur notre processus de corrections. Les commentaires des lecteurs seront pris en consid\u00e9ration pour les am\u00e9liorations continues de nos processus \u00e9ditoriaux. Nous nous engageons \u00e0 corriger rapidement toute erreur. Si vous remarquez des inexactitudes ou des informations d\u00e9su\u00e8tes dans notre contenu, veuillez communiquer avec nous \u00e0 <a>admin@dailyoverview.com<\/a>, et nous r\u00e9glerons le probl\u00e8me.   <\/li>\n\n\n\n<li><strong>Examen et r\u00e9vision\u00a0:<\/strong> Cette politique de corrections sera r\u00e9guli\u00e8rement revue et mise \u00e0 jour afin d\u2019assurer son efficacit\u00e9 dans le maintien des normes les plus \u00e9lev\u00e9es d\u2019exactitude et de transparence.<br\/>Date de la derni\u00e8re r\u00e9vision\u00a0: 13\u00a0mars\u00a02025<\/li>\n<\/ul>\n\n<p><strong>POLITIQUE SUR LE DROIT D\u2019AUTEUR\u00a0:<\/strong><br\/>Tout le contenu de <em>The Daily Overview<\/em> est prot\u00e9g\u00e9 par les lois sur le droit d\u2019auteur. La reproduction, la distribution ou l\u2019utilisation non autoris\u00e9e de notre contenu est interdite sans autorisation explicite. Si vous souhaitez republier ou r\u00e9f\u00e9rencer notre travail, veuillez communiquer avec nous pour obtenir une approbation.  <\/p>\n\n<p><strong>COMMENTAIRES ET CONTENU UTILISATEUR\u00a0:<\/strong><br\/>Nous accordons de l\u2019importance \u00e0 l\u2019engagement des lecteurs et accueillons les commentaires. Cependant, nous nous r\u00e9servons le droit de mod\u00e9rer, de modifier ou de supprimer les commentaires qui violent nos directives communautaires. Veuillez noter que nous n\u2019approuvons pas et n\u2019assumons aucune responsabilit\u00e9 pour le contenu g\u00e9n\u00e9r\u00e9 par les utilisateurs dans la section des commentaires.  <\/p>\n\n<p><strong>COMMUNIQUEZ AVEC NOUS\u00a0:<\/strong><br\/>Si vous avez des questions, des pr\u00e9occupations ou des commentaires concernant notre politique \u00e9ditoriale ou tout contenu sur <em>The Daily Overview<\/em>, n\u2019h\u00e9sitez pas \u00e0 communiquer avec nous \u00e0 business@thedailyoverview.com.<\/p>\n\n<p><strong>MODIFICATIONS \u00c0 LA POLITIQUE \u00c9DITORIALE\u00a0:<\/strong><br\/>Nous pouvons mettre \u00e0 jour notre politique \u00e9ditoriale de temps \u00e0 autre afin de tenir compte des changements dans nos pratiques ou des exigences l\u00e9gales. Veuillez consulter cette page pour obtenir les renseignements les plus r\u00e9cents. <\/p>\n\n<p><strong>LA POLITIQUE D\u2019IA DE DAILY OVERVIEW<\/strong><br\/><em>The Daily Overview<\/em> reconna\u00eet les avantages potentiels de l\u2019int\u00e9gration des technologies d\u2019intelligence artificielle (IA) dans nos processus de cr\u00e9ation de contenu. Cette politique d\u2019IA \u00e9tablit nos lignes directrices pour une utilisation responsable et \u00e9thique de l\u2019IA tout en respectant les principes d\u2019exactitude, d\u2019\u00e9quit\u00e9, de transparence et de responsabilit\u00e9. <\/p>\n\n<ul class=\"wp-block-list\">\n<li><strong>Objectif de l\u2019int\u00e9gration de l\u2019IA\u00a0:<\/strong> Les technologies d\u2019IA peuvent \u00eatre utilis\u00e9es pour am\u00e9liorer l\u2019efficacit\u00e9 et l\u2019exactitude de la cr\u00e9ation et de la conservation de contenu. Notre objectif est de rationaliser les processus de production sans remplacer le jugement et l\u2019\u00e9thique \u00e9ditoriaux. <\/li>\n\n\n\n<li><strong>Consid\u00e9rations \u00e9thiques\u00a0:<\/strong> Les applications d\u2019IA sont utilis\u00e9es conform\u00e9ment \u00e0 nos valeurs. Nous veillons \u00e0 ce que les algorithmes d\u2019IA ne perp\u00e9tuent pas les pr\u00e9jug\u00e9s ou ne contribuent pas \u00e0 une repr\u00e9sentation injuste. <\/li>\n\n\n\n<li><strong>Surveillance \u00e9ditoriale\u00a0:<\/strong> Notre \u00e9quipe \u00e9ditoriale conserve le contr\u00f4le total sur tous les processus d\u00e9cisionnels. Les r\u00e9dacteurs sont responsables de la supervision et de la validation de tout le contenu g\u00e9n\u00e9r\u00e9 par l\u2019IA. <\/li>\n\n\n\n<li><strong>Confidentialit\u00e9 des donn\u00e9es\u00a0:<\/strong> Nous prot\u00e9geons la confidentialit\u00e9 des utilisateurs et respectons les r\u00e9glementations en mati\u00e8re de protection des donn\u00e9es. Notre site communique clairement la fa\u00e7on dont les donn\u00e9es sont recueillies, trait\u00e9es et utilis\u00e9es en relation avec les technologies d\u2019IA. <\/li>\n\n\n\n<li><strong>Transparence et divulgation\u00a0:<\/strong> Nous divulguons lorsque les technologies d\u2019IA sont utilis\u00e9es dans la cr\u00e9ation ou la conservation de contenu et fournissons des renseignements sur leur r\u00f4le dans le processus \u00e9ditorial.<\/li>\n\n\n\n<li><strong>Att\u00e9nuation des pr\u00e9jug\u00e9s\u00a0:<\/strong> Nous \u00e9valuons r\u00e9guli\u00e8rement le contenu g\u00e9n\u00e9r\u00e9 par l\u2019IA afin de minimiser et de corriger les pr\u00e9jug\u00e9s.<\/li>\n\n\n\n<li><strong>Responsabilit\u00e9 et r\u00e9activit\u00e9\u00a0:<\/strong> Des m\u00e9canismes sont en place pour assurer la responsabilit\u00e9 en cas d\u2019erreurs ou de cons\u00e9quences impr\u00e9vues li\u00e9es \u00e0 l\u2019IA. Nous sommes sensibles aux pr\u00e9occupations et aux commentaires des utilisateurs concernant l\u2019utilisation de l\u2019IA. <\/li>\n\n\n\n<li><strong>Apprentissage continu et adaptation\u00a0:<\/strong> Nous nous tenons inform\u00e9s des progr\u00e8s des technologies d\u2019IA et des consid\u00e9rations \u00e9thiques, en adaptant nos politiques d\u2019IA au besoin pour relever les d\u00e9fis et les possibilit\u00e9s \u00e9mergents.<\/li>\n\n\n\n<li><strong>Examen et r\u00e9vision\u00a0:<\/strong> Cette politique d\u2019IA fera l\u2019objet d\u2019un examen r\u00e9gulier afin d\u2019int\u00e9grer les progr\u00e8s de la technologie de l\u2019IA, de tenir compte des consid\u00e9rations \u00e9thiques et de s\u2019adapter aux changements dans les pratiques exemplaires de l\u2019industrie.<br\/>Date de la derni\u00e8re r\u00e9vision\u00a0: 13\u00a0mars\u00a02025<\/li>\n<\/ul>\n","protected":false},"excerpt":{"rendered":"<p>Merci de visiter The Daily Overview\u00a0! Voici un aper\u00e7u de notre politique \u00e9ditoriale. NOTRE MISSION\u00a0:The Daily Overview s\u2019engage \u00e0 fournir une couverture pr\u00e9cise, \u00e9quitable et impartiale \u00e0 notre communaut\u00e9. Notre mission est de fournir des conseils pratiques, des critiques honn\u00eates et un contenu de haute qualit\u00e9 qui informe, \u00e9duque et engage les lecteurs tout en&#8230;<\/p>\n","protected":false},"author":1,"featured_media":0,"parent":0,"menu_order":0,"comment_status":"closed","ping_status":"closed","template":"","meta":{"om_disable_all_campaigns":false,"footnotes":""},"class_list":["post-91181","page","type-page","status-publish","hentry"],"yoast_head":"<!-- This site is optimized with the Yoast SEO plugin v27.5 - https:\/\/yoast.com\/product\/yoast-seo-wordpress\/ -->\n<title>Politique \u00e9ditoriale - L&#039;aper\u00e7u quotidien<\/title>\n<meta name=\"robots\" content=\"index, follow, max-snippet:-1, max-image-preview:large, max-video-preview:-1\" \/>\n<link rel=\"canonical\" href=\"https:\/\/thedailyoverview.com\/fr\/politique-editoriale\/\" \/>\n<meta property=\"og:locale\" content=\"fr_FR\" \/>\n<meta property=\"og:type\" content=\"article\" \/>\n<meta property=\"og:title\" content=\"Politique \u00e9ditoriale - L&#039;aper\u00e7u quotidien\" \/>\n<meta property=\"og:description\" content=\"Merci de visiter The Daily Overview\u00a0! Voici un aper\u00e7u de notre politique \u00e9ditoriale. NOTRE MISSION\u00a0:The Daily Overview s\u2019engage \u00e0 fournir une couverture pr\u00e9cise, \u00e9quitable et impartiale \u00e0 notre communaut\u00e9. Notre mission est de fournir des conseils pratiques, des critiques honn\u00eates et un contenu de haute qualit\u00e9 qui informe, \u00e9duque et engage les lecteurs tout en...\" \/>\n<meta property=\"og:url\" content=\"https:\/\/thedailyoverview.com\/fr\/politique-editoriale\/\" \/>\n<meta property=\"og:site_name\" content=\"L&#039;aper\u00e7u quotidien\" \/>\n<meta property=\"article:modified_time\" content=\"2025-12-28T19:58:16+00:00\" \/>\n<meta name=\"twitter:card\" content=\"summary_large_image\" \/>\n<meta name=\"twitter:site\" content=\"@NateCrossWrites\" \/>\n<meta name=\"twitter:label1\" content=\"Dur\u00e9e de lecture estim\u00e9e\" \/>\n\t<meta name=\"twitter:data1\" content=\"11 minutes\" \/>\n<script type=\"application\/ld+json\" class=\"yoast-schema-graph\">{\"@context\":\"https:\\\/\\\/schema.org\",\"@graph\":[{\"@type\":\"WebPage\",\"@id\":\"https:\\\/\\\/thedailyoverview.com\\\/fr\\\/politique-editoriale\\\/\",\"url\":\"https:\\\/\\\/thedailyoverview.com\\\/fr\\\/politique-editoriale\\\/\",\"name\":\"Politique \u00e9ditoriale - L'aper\u00e7u quotidien\",\"isPartOf\":{\"@id\":\"https:\\\/\\\/thedailyoverview.com\\\/#website\"},\"datePublished\":\"2025-03-21T07:36:31+00:00\",\"dateModified\":\"2025-12-28T19:58:16+00:00\",\"breadcrumb\":{\"@id\":\"https:\\\/\\\/thedailyoverview.com\\\/fr\\\/politique-editoriale\\\/#breadcrumb\"},\"inLanguage\":\"fr-FR\",\"potentialAction\":[{\"@type\":\"ReadAction\",\"target\":[\"https:\\\/\\\/thedailyoverview.com\\\/fr\\\/politique-editoriale\\\/\"]}]},{\"@type\":\"BreadcrumbList\",\"@id\":\"https:\\\/\\\/thedailyoverview.com\\\/fr\\\/politique-editoriale\\\/#breadcrumb\",\"itemListElement\":[{\"@type\":\"ListItem\",\"position\":1,\"name\":\"Home\",\"item\":\"https:\\\/\\\/thedailyoverview.com\\\/\"},{\"@type\":\"ListItem\",\"position\":2,\"name\":\"Politique \u00e9ditoriale\"}]},{\"@type\":\"WebSite\",\"@id\":\"https:\\\/\\\/thedailyoverview.com\\\/#website\",\"url\":\"https:\\\/\\\/thedailyoverview.com\\\/\",\"name\":\"The Daily Overview\",\"description\":\"Argent, richesse et pouvoir&nbsp;: un aper\u00e7u quotidien du monde financier\",\"publisher\":{\"@id\":\"https:\\\/\\\/thedailyoverview.com\\\/#organization\"},\"potentialAction\":[{\"@type\":\"SearchAction\",\"target\":{\"@type\":\"EntryPoint\",\"urlTemplate\":\"https:\\\/\\\/thedailyoverview.com\\\/?s={search_term_string}\"},\"query-input\":{\"@type\":\"PropertyValueSpecification\",\"valueRequired\":true,\"valueName\":\"search_term_string\"}}],\"inLanguage\":\"fr-FR\"},{\"@type\":\"Organization\",\"@id\":\"https:\\\/\\\/thedailyoverview.com\\\/#organization\",\"name\":\"The Daily Overview\",\"url\":\"https:\\\/\\\/thedailyoverview.com\\\/\",\"logo\":{\"@type\":\"ImageObject\",\"inLanguage\":\"fr-FR\",\"@id\":\"https:\\\/\\\/thedailyoverview.com\\\/#\\\/schema\\\/logo\\\/image\\\/\",\"url\":\"https:\\\/\\\/thedailyoverview.com\\\/wp-content\\\/uploads\\\/2025\\\/03\\\/cropped-9C7A4F1F-7DEB-4CEE-9756-1F709ED7F4F4.png\",\"contentUrl\":\"https:\\\/\\\/thedailyoverview.com\\\/wp-content\\\/uploads\\\/2025\\\/03\\\/cropped-9C7A4F1F-7DEB-4CEE-9756-1F709ED7F4F4.png\",\"width\":2827,\"height\":2827,\"caption\":\"The Daily Overview\"},\"image\":{\"@id\":\"https:\\\/\\\/thedailyoverview.com\\\/#\\\/schema\\\/logo\\\/image\\\/\"},\"sameAs\":[\"https:\\\/\\\/x.com\\\/NateCrossWrites\"]}]}<\/script>\n<!-- \/ Yoast SEO plugin. -->","yoast_head_json":{"title":"Politique \u00e9ditoriale - L'aper\u00e7u quotidien","robots":{"index":"index","follow":"follow","max-snippet":"max-snippet:-1","max-image-preview":"max-image-preview:large","max-video-preview":"max-video-preview:-1"},"canonical":"https:\/\/thedailyoverview.com\/fr\/politique-editoriale\/","og_locale":"fr_FR","og_type":"article","og_title":"Politique \u00e9ditoriale - L'aper\u00e7u quotidien","og_description":"Merci de visiter The Daily Overview\u00a0! Voici un aper\u00e7u de notre politique \u00e9ditoriale. NOTRE MISSION\u00a0:The Daily Overview s\u2019engage \u00e0 fournir une couverture pr\u00e9cise, \u00e9quitable et impartiale \u00e0 notre communaut\u00e9. Notre mission est de fournir des conseils pratiques, des critiques honn\u00eates et un contenu de haute qualit\u00e9 qui informe, \u00e9duque et engage les lecteurs tout en...","og_url":"https:\/\/thedailyoverview.com\/fr\/politique-editoriale\/","og_site_name":"L'aper\u00e7u quotidien","article_modified_time":"2025-12-28T19:58:16+00:00","twitter_card":"summary_large_image","twitter_site":"@NateCrossWrites","twitter_misc":{"Dur\u00e9e de lecture estim\u00e9e":"11 minutes"},"schema":{"@context":"https:\/\/schema.org","@graph":[{"@type":"WebPage","@id":"https:\/\/thedailyoverview.com\/fr\/politique-editoriale\/","url":"https:\/\/thedailyoverview.com\/fr\/politique-editoriale\/","name":"Politique \u00e9ditoriale - L'aper\u00e7u quotidien","isPartOf":{"@id":"https:\/\/thedailyoverview.com\/#website"},"datePublished":"2025-03-21T07:36:31+00:00","dateModified":"2025-12-28T19:58:16+00:00","breadcrumb":{"@id":"https:\/\/thedailyoverview.com\/fr\/politique-editoriale\/#breadcrumb"},"inLanguage":"fr-FR","potentialAction":[{"@type":"ReadAction","target":["https:\/\/thedailyoverview.com\/fr\/politique-editoriale\/"]}]},{"@type":"BreadcrumbList","@id":"https:\/\/thedailyoverview.com\/fr\/politique-editoriale\/#breadcrumb","itemListElement":[{"@type":"ListItem","position":1,"name":"Home","item":"https:\/\/thedailyoverview.com\/"},{"@type":"ListItem","position":2,"name":"Politique \u00e9ditoriale"}]},{"@type":"WebSite","@id":"https:\/\/thedailyoverview.com\/#website","url":"https:\/\/thedailyoverview.com\/","name":"The Daily Overview","description":"Argent, richesse et pouvoir&nbsp;: un aper\u00e7u quotidien du monde financier","publisher":{"@id":"https:\/\/thedailyoverview.com\/#organization"},"potentialAction":[{"@type":"SearchAction","target":{"@type":"EntryPoint","urlTemplate":"https:\/\/thedailyoverview.com\/?s={search_term_string}"},"query-input":{"@type":"PropertyValueSpecification","valueRequired":true,"valueName":"search_term_string"}}],"inLanguage":"fr-FR"},{"@type":"Organization","@id":"https:\/\/thedailyoverview.com\/#organization","name":"The Daily Overview","url":"https:\/\/thedailyoverview.com\/","logo":{"@type":"ImageObject","inLanguage":"fr-FR","@id":"https:\/\/thedailyoverview.com\/#\/schema\/logo\/image\/","url":"https:\/\/thedailyoverview.com\/wp-content\/uploads\/2025\/03\/cropped-9C7A4F1F-7DEB-4CEE-9756-1F709ED7F4F4.png","contentUrl":"https:\/\/thedailyoverview.com\/wp-content\/uploads\/2025\/03\/cropped-9C7A4F1F-7DEB-4CEE-9756-1F709ED7F4F4.png","width":2827,"height":2827,"caption":"The Daily Overview"},"image":{"@id":"https:\/\/thedailyoverview.com\/#\/schema\/logo\/image\/"},"sameAs":["https:\/\/x.com\/NateCrossWrites"]}]}},"_links":{"self":[{"href":"https:\/\/thedailyoverview.com\/fr\/wp-json\/wp\/v2\/pages\/91181","targetHints":{"allow":["GET"]}}],"collection":[{"href":"https:\/\/thedailyoverview.com\/fr\/wp-json\/wp\/v2\/pages"}],"about":[{"href":"https:\/\/thedailyoverview.com\/fr\/wp-json\/wp\/v2\/types\/page"}],"author":[{"embeddable":true,"href":"https:\/\/thedailyoverview.com\/fr\/wp-json\/wp\/v2\/users\/1"}],"replies":[{"embeddable":true,"href":"https:\/\/thedailyoverview.com\/fr\/wp-json\/wp\/v2\/comments?post=91181"}],"version-history":[{"count":1,"href":"https:\/\/thedailyoverview.com\/fr\/wp-json\/wp\/v2\/pages\/91181\/revisions"}],"predecessor-version":[{"id":91184,"href":"https:\/\/thedailyoverview.com\/fr\/wp-json\/wp\/v2\/pages\/91181\/revisions\/91184"}],"wp:attachment":[{"href":"https:\/\/thedailyoverview.com\/fr\/wp-json\/wp\/v2\/media?parent=91181"}],"curies":[{"name":"wp","href":"https:\/\/api.w.org\/{rel}","templated":true}]}}