{"id":91196,"date":"2022-01-15T12:51:37","date_gmt":"2022-01-15T17:51:37","guid":{"rendered":"https:\/\/thedailyoverview.com\/contactez-nous\/"},"modified":"2025-12-28T14:58:37","modified_gmt":"2025-12-28T19:58:37","slug":"contactez-nous","status":"publish","type":"page","link":"https:\/\/thedailyoverview.com\/fr\/contactez-nous\/","title":{"rendered":"Contactez-nous"},"content":{"rendered":"\n<p>Nous vous remercions de votre int\u00e9r\u00eat pour <em>The Daily Overview<\/em>\u00a0! Que vous ayez une question, un conseil d\u2019actualit\u00e9 ou une demande commerciale, nous sommes l\u00e0 pour vous aider.<\/p>\n\n<p>Pour toute demande de renseignements, y compris les questions \u00e9ditoriales, les opportunit\u00e9s publicitaires et les commentaires g\u00e9n\u00e9raux, veuillez nous contacter \u00e0 l\u2019adresse suivante\u00a0:<\/p>\n\n<p>\ud83d\udce7 business@thedailyoverview.com<\/p>\n\n<p>Notre \u00e9quipe fera de son mieux pour vous r\u00e9pondre dans les plus brefs d\u00e9lais. Nous vous remercions de nous avoir contact\u00e9s et nous sommes impatients de vous lire\u00a0! <\/p>\n\n<p><\/p>\n","protected":false},"excerpt":{"rendered":"<p>Nous vous remercions de votre int\u00e9r\u00eat pour The Daily Overview\u00a0! Que vous ayez une question, un conseil d\u2019actualit\u00e9 ou une demande commerciale, nous sommes l\u00e0 pour vous aider. Pour toute demande de renseignements, y compris les questions \u00e9ditoriales, les opportunit\u00e9s publicitaires et les commentaires g\u00e9n\u00e9raux, veuillez nous contacter \u00e0 l\u2019adresse suivante\u00a0: \ud83d\udce7 business@thedailyoverview.com Notre \u00e9quipe&#8230;<\/p>\n","protected":false},"author":1,"featured_media":0,"parent":0,"menu_order":0,"comment_status":"closed","ping_status":"closed","template":"elementor_header_footer","meta":{"om_disable_all_campaigns":false,"footnotes":""},"class_list":["post-91196","page","type-page","status-publish","hentry"],"yoast_head":"<!-- This site is optimized with the Yoast SEO plugin v27.5 - https:\/\/yoast.com\/product\/yoast-seo-wordpress\/ -->\n<title>Contactez-nous - L&#039;aper\u00e7u quotidien<\/title>\n<meta name=\"robots\" content=\"index, follow, max-snippet:-1, max-image-preview:large, max-video-preview:-1\" \/>\n<link rel=\"canonical\" href=\"https:\/\/thedailyoverview.com\/fr\/contactez-nous\/\" \/>\n<meta property=\"og:locale\" content=\"fr_FR\" \/>\n<meta property=\"og:type\" content=\"article\" \/>\n<meta property=\"og:title\" content=\"Contactez-nous - L&#039;aper\u00e7u quotidien\" \/>\n<meta property=\"og:description\" content=\"Nous vous remercions de votre int\u00e9r\u00eat pour The Daily Overview\u00a0! Que vous ayez une question, un conseil d\u2019actualit\u00e9 ou une demande commerciale, nous sommes l\u00e0 pour vous aider. Pour toute demande de renseignements, y compris les questions \u00e9ditoriales, les opportunit\u00e9s publicitaires et les commentaires g\u00e9n\u00e9raux, veuillez nous contacter \u00e0 l\u2019adresse suivante\u00a0: \ud83d\udce7 business@thedailyoverview.com Notre \u00e9quipe...\" \/>\n<meta property=\"og:url\" content=\"https:\/\/thedailyoverview.com\/fr\/contactez-nous\/\" \/>\n<meta property=\"og:site_name\" content=\"L&#039;aper\u00e7u quotidien\" \/>\n<meta property=\"article:modified_time\" content=\"2025-12-28T19:58:37+00:00\" \/>\n<meta name=\"twitter:card\" content=\"summary_large_image\" \/>\n<meta name=\"twitter:site\" content=\"@NateCrossWrites\" \/>\n<script type=\"application\/ld+json\" class=\"yoast-schema-graph\">{\"@context\":\"https:\\\/\\\/schema.org\",\"@graph\":[{\"@type\":\"WebPage\",\"@id\":\"https:\\\/\\\/thedailyoverview.com\\\/fr\\\/contactez-nous\\\/\",\"url\":\"https:\\\/\\\/thedailyoverview.com\\\/fr\\\/contactez-nous\\\/\",\"name\":\"Contactez-nous - L'aper\u00e7u quotidien\",\"isPartOf\":{\"@id\":\"https:\\\/\\\/thedailyoverview.com\\\/#website\"},\"datePublished\":\"2022-01-15T17:51:37+00:00\",\"dateModified\":\"2025-12-28T19:58:37+00:00\",\"breadcrumb\":{\"@id\":\"https:\\\/\\\/thedailyoverview.com\\\/fr\\\/contactez-nous\\\/#breadcrumb\"},\"inLanguage\":\"fr-FR\",\"potentialAction\":[{\"@type\":\"ReadAction\",\"target\":[\"https:\\\/\\\/thedailyoverview.com\\\/fr\\\/contactez-nous\\\/\"]}]},{\"@type\":\"BreadcrumbList\",\"@id\":\"https:\\\/\\\/thedailyoverview.com\\\/fr\\\/contactez-nous\\\/#breadcrumb\",\"itemListElement\":[{\"@type\":\"ListItem\",\"position\":1,\"name\":\"Home\",\"item\":\"https:\\\/\\\/thedailyoverview.com\\\/\"},{\"@type\":\"ListItem\",\"position\":2,\"name\":\"Contactez-nous\"}]},{\"@type\":\"WebSite\",\"@id\":\"https:\\\/\\\/thedailyoverview.com\\\/#website\",\"url\":\"https:\\\/\\\/thedailyoverview.com\\\/\",\"name\":\"The Daily Overview\",\"description\":\"Argent, richesse et pouvoir&nbsp;: un aper\u00e7u quotidien du monde financier\",\"publisher\":{\"@id\":\"https:\\\/\\\/thedailyoverview.com\\\/#organization\"},\"potentialAction\":[{\"@type\":\"SearchAction\",\"target\":{\"@type\":\"EntryPoint\",\"urlTemplate\":\"https:\\\/\\\/thedailyoverview.com\\\/?s={search_term_string}\"},\"query-input\":{\"@type\":\"PropertyValueSpecification\",\"valueRequired\":true,\"valueName\":\"search_term_string\"}}],\"inLanguage\":\"fr-FR\"},{\"@type\":\"Organization\",\"@id\":\"https:\\\/\\\/thedailyoverview.com\\\/#organization\",\"name\":\"The Daily Overview\",\"url\":\"https:\\\/\\\/thedailyoverview.com\\\/\",\"logo\":{\"@type\":\"ImageObject\",\"inLanguage\":\"fr-FR\",\"@id\":\"https:\\\/\\\/thedailyoverview.com\\\/#\\\/schema\\\/logo\\\/image\\\/\",\"url\":\"https:\\\/\\\/thedailyoverview.com\\\/wp-content\\\/uploads\\\/2025\\\/03\\\/cropped-9C7A4F1F-7DEB-4CEE-9756-1F709ED7F4F4.png\",\"contentUrl\":\"https:\\\/\\\/thedailyoverview.com\\\/wp-content\\\/uploads\\\/2025\\\/03\\\/cropped-9C7A4F1F-7DEB-4CEE-9756-1F709ED7F4F4.png\",\"width\":2827,\"height\":2827,\"caption\":\"The Daily Overview\"},\"image\":{\"@id\":\"https:\\\/\\\/thedailyoverview.com\\\/#\\\/schema\\\/logo\\\/image\\\/\"},\"sameAs\":[\"https:\\\/\\\/x.com\\\/NateCrossWrites\"]}]}<\/script>\n<!-- \/ Yoast SEO plugin. -->","yoast_head_json":{"title":"Contactez-nous - L'aper\u00e7u quotidien","robots":{"index":"index","follow":"follow","max-snippet":"max-snippet:-1","max-image-preview":"max-image-preview:large","max-video-preview":"max-video-preview:-1"},"canonical":"https:\/\/thedailyoverview.com\/fr\/contactez-nous\/","og_locale":"fr_FR","og_type":"article","og_title":"Contactez-nous - L'aper\u00e7u quotidien","og_description":"Nous vous remercions de votre int\u00e9r\u00eat pour The Daily Overview\u00a0! Que vous ayez une question, un conseil d\u2019actualit\u00e9 ou une demande commerciale, nous sommes l\u00e0 pour vous aider. Pour toute demande de renseignements, y compris les questions \u00e9ditoriales, les opportunit\u00e9s publicitaires et les commentaires g\u00e9n\u00e9raux, veuillez nous contacter \u00e0 l\u2019adresse suivante\u00a0: \ud83d\udce7 business@thedailyoverview.com Notre \u00e9quipe...","og_url":"https:\/\/thedailyoverview.com\/fr\/contactez-nous\/","og_site_name":"L'aper\u00e7u quotidien","article_modified_time":"2025-12-28T19:58:37+00:00","twitter_card":"summary_large_image","twitter_site":"@NateCrossWrites","schema":{"@context":"https:\/\/schema.org","@graph":[{"@type":"WebPage","@id":"https:\/\/thedailyoverview.com\/fr\/contactez-nous\/","url":"https:\/\/thedailyoverview.com\/fr\/contactez-nous\/","name":"Contactez-nous - L'aper\u00e7u quotidien","isPartOf":{"@id":"https:\/\/thedailyoverview.com\/#website"},"datePublished":"2022-01-15T17:51:37+00:00","dateModified":"2025-12-28T19:58:37+00:00","breadcrumb":{"@id":"https:\/\/thedailyoverview.com\/fr\/contactez-nous\/#breadcrumb"},"inLanguage":"fr-FR","potentialAction":[{"@type":"ReadAction","target":["https:\/\/thedailyoverview.com\/fr\/contactez-nous\/"]}]},{"@type":"BreadcrumbList","@id":"https:\/\/thedailyoverview.com\/fr\/contactez-nous\/#breadcrumb","itemListElement":[{"@type":"ListItem","position":1,"name":"Home","item":"https:\/\/thedailyoverview.com\/"},{"@type":"ListItem","position":2,"name":"Contactez-nous"}]},{"@type":"WebSite","@id":"https:\/\/thedailyoverview.com\/#website","url":"https:\/\/thedailyoverview.com\/","name":"The Daily Overview","description":"Argent, richesse et pouvoir&nbsp;: un aper\u00e7u quotidien du monde financier","publisher":{"@id":"https:\/\/thedailyoverview.com\/#organization"},"potentialAction":[{"@type":"SearchAction","target":{"@type":"EntryPoint","urlTemplate":"https:\/\/thedailyoverview.com\/?s={search_term_string}"},"query-input":{"@type":"PropertyValueSpecification","valueRequired":true,"valueName":"search_term_string"}}],"inLanguage":"fr-FR"},{"@type":"Organization","@id":"https:\/\/thedailyoverview.com\/#organization","name":"The Daily Overview","url":"https:\/\/thedailyoverview.com\/","logo":{"@type":"ImageObject","inLanguage":"fr-FR","@id":"https:\/\/thedailyoverview.com\/#\/schema\/logo\/image\/","url":"https:\/\/thedailyoverview.com\/wp-content\/uploads\/2025\/03\/cropped-9C7A4F1F-7DEB-4CEE-9756-1F709ED7F4F4.png","contentUrl":"https:\/\/thedailyoverview.com\/wp-content\/uploads\/2025\/03\/cropped-9C7A4F1F-7DEB-4CEE-9756-1F709ED7F4F4.png","width":2827,"height":2827,"caption":"The Daily Overview"},"image":{"@id":"https:\/\/thedailyoverview.com\/#\/schema\/logo\/image\/"},"sameAs":["https:\/\/x.com\/NateCrossWrites"]}]}},"_links":{"self":[{"href":"https:\/\/thedailyoverview.com\/fr\/wp-json\/wp\/v2\/pages\/91196","targetHints":{"allow":["GET"]}}],"collection":[{"href":"https:\/\/thedailyoverview.com\/fr\/wp-json\/wp\/v2\/pages"}],"about":[{"href":"https:\/\/thedailyoverview.com\/fr\/wp-json\/wp\/v2\/types\/page"}],"author":[{"embeddable":true,"href":"https:\/\/thedailyoverview.com\/fr\/wp-json\/wp\/v2\/users\/1"}],"replies":[{"embeddable":true,"href":"https:\/\/thedailyoverview.com\/fr\/wp-json\/wp\/v2\/comments?post=91196"}],"version-history":[{"count":1,"href":"https:\/\/thedailyoverview.com\/fr\/wp-json\/wp\/v2\/pages\/91196\/revisions"}],"predecessor-version":[{"id":91198,"href":"https:\/\/thedailyoverview.com\/fr\/wp-json\/wp\/v2\/pages\/91196\/revisions\/91198"}],"wp:attachment":[{"href":"https:\/\/thedailyoverview.com\/fr\/wp-json\/wp\/v2\/media?parent=91196"}],"curies":[{"name":"wp","href":"https:\/\/api.w.org\/{rel}","templated":true}]}}