{"id":91188,"date":"2025-03-21T02:36:31","date_gmt":"2025-03-21T07:36:31","guid":{"rendered":"https:\/\/thedailyoverview.com\/politica-editorial\/"},"modified":"2025-12-28T14:58:22","modified_gmt":"2025-12-28T19:58:22","slug":"politica-editorial","status":"publish","type":"page","link":"https:\/\/thedailyoverview.com\/pt-br\/politica-editorial\/","title":{"rendered":"Pol\u00edtica Editorial"},"content":{"rendered":"\n<p>Obrigado por visitar o <strong>The Daily Overview<\/strong>! Aqui est\u00e1 uma vis\u00e3o geral da nossa pol\u00edtica editorial.<\/p>\n\n<p><strong>NOSSA MISS\u00c3O:<\/strong><br\/>O <em>The Daily Overview<\/em> est\u00e1 comprometido em fornecer cobertura precisa, justa e imparcial para a nossa comunidade. Nossa miss\u00e3o \u00e9 fornecer conselhos pr\u00e1ticos, avalia\u00e7\u00f5es honestas e conte\u00fado de alta qualidade que informe, eduque e envolva os leitores, defendendo os princ\u00edpios de integridade, transpar\u00eancia e responsabilidade. <\/p>\n\n<ul class=\"wp-block-list\">\n<li><strong>Precis\u00e3o e Imparcialidade:<\/strong> Nossa equipe verifica rigorosamente as informa\u00e7\u00f5es antes da publica\u00e7\u00e3o. Atribu\u00edmos informa\u00e7\u00f5es a fontes confi\u00e1veis e fornecemos uma representa\u00e7\u00e3o equilibrada de diversas perspectivas relevantes para os t\u00f3picos que abordamos. <\/li>\n\n\n\n<li><strong>Independ\u00eancia e Integridade:<\/strong> Estamos comprometidos em evitar conflitos de interesse que possam comprometer nosso conte\u00fado. O <em>The Daily Overview<\/em> distingue claramente entre conselhos pr\u00e1ticos, avalia\u00e7\u00f5es e artigos de opini\u00e3o. Abstemo-nos de aceitar presentes, favores ou compensa\u00e7\u00f5es que possam influenciar a reportagem. <\/li>\n\n\n\n<li><strong>Transpar\u00eancia:<\/strong> Divulgamos claramente as fontes e os m\u00e9todos usados na cria\u00e7\u00e3o de conte\u00fado, corrigimos erros de forma r\u00e1pida e transparente e rotulamos claramente o conte\u00fado patrocinado ou pago.<\/li>\n\n\n\n<li><strong>Privacidade e Sensibilidade:<\/strong> Respeitamos os direitos de privacidade dos indiv\u00edduos na reportagem. Exercemos cautela e sensibilidade ao compartilhar hist\u00f3rias pessoais ou cobrir t\u00f3picos delicados e evitamos o sensacionalismo desnecess\u00e1rio. <\/li>\n\n\n\n<li><strong>Independ\u00eancia e Processo Editorial:<\/strong> O <em>The Daily Overview<\/em> distingue claramente entre conte\u00fado editorial e publicidade. Mantemos a independ\u00eancia editorial dos anunciantes. Nossa equipe segue um processo editorial transparente, desde a gera\u00e7\u00e3o de ideias at\u00e9 a publica\u00e7\u00e3o, e realiza reuni\u00f5es editoriais regulares para avaliar e refinar a estrat\u00e9gia de conte\u00fado.  <\/li>\n\n\n\n<li><strong>Engajamento da Comunidade:<\/strong> Incentivamos o feedback dos leitores e as cr\u00edticas construtivas. Nosso objetivo \u00e9 promover um senso de comunidade, respondendo aos coment\u00e1rios e perguntas dos leitores, bem como monitorando e moderando o conte\u00fado gerado pelo usu\u00e1rio para garantir um ambiente respeitoso e inclusivo. <\/li>\n\n\n\n<li><strong>Diversidade e Inclus\u00e3o:<\/strong> N\u00f3s nos esfor\u00e7amos para representar uma gama diversificada de vozes, perspectivas e comunidades. Estamos atentos \u00e0 linguagem e \u00e0s imagens para evitar perpetuar estere\u00f3tipos ou preconceitos. <\/li>\n\n\n\n<li><strong>Uso de M\u00eddias Sociais:<\/strong> Nossa equipe usa as m\u00eddias sociais de forma respons\u00e1vel para promover conte\u00fado e interagir com o p\u00fablico. Distinguimos claramente entre o uso pessoal e profissional das m\u00eddias sociais e evitamos compartilhar informa\u00e7\u00f5es n\u00e3o verificadas. <\/li>\n\n\n\n<li><strong>Conformidade com os Padr\u00f5es Legais:<\/strong> Aderimos \u00e0s leis e regulamentos locais, nacionais e internacionais e procuramos aconselhamento jur\u00eddico quando necess\u00e1rio para garantir a conformidade com as leis de difama\u00e7\u00e3o, cal\u00fania e direitos autorais.<\/li>\n\n\n\n<li><strong>Revis\u00e3o e Revis\u00e3o:<\/strong> Esta pol\u00edtica de diretrizes editoriais ser\u00e1 revisada e atualizada regularmente para se adaptar \u00e0s mudan\u00e7as nos padr\u00f5es jornal\u00edsticos, \u00e0s melhores pr\u00e1ticas do setor e \u00e0s necessidades em evolu\u00e7\u00e3o do nosso p\u00fablico.<br\/>Data da \u00daltima Revis\u00e3o: 13 de mar\u00e7o de 2025<\/li>\n<\/ul>\n\n<p><strong>INDEPEND\u00caNCIA EDITORIAL:<\/strong><br\/>Temos orgulho em manter a independ\u00eancia editorial. Nosso conte\u00fado \u00e9 criado sem qualquer influ\u00eancia de partes externas, incluindo patrocinadores ou anunciantes. Estamos comprometidos em fornecer informa\u00e7\u00f5es honestas, imparciais e aut\u00eanticas ao nosso p\u00fablico.  <\/p>\n\n<p><strong>DIRETRIZES DE CONTE\u00daDO:<\/strong><\/p>\n\n<ul class=\"wp-block-list\">\n<li><strong>Precis\u00e3o:<\/strong> Trabalhamos arduamente para garantir a precis\u00e3o de todas as informa\u00e7\u00f5es apresentadas em nosso site. Nossos redatores e editores conduzem pesquisas completas para fornecer conte\u00fado confi\u00e1vel e atualizado. No entanto, as informa\u00e7\u00f5es podem mudar com o tempo, por isso recomendamos verificar quaisquer detalhes cr\u00edticos de forma independente.  <\/li>\n\n\n\n<li><strong>Objetividade:<\/strong> N\u00f3s nos esfor\u00e7amos para manter um ponto de vista equilibrado e imparcial em nosso conte\u00fado. Nosso objetivo \u00e9 oferecer uma variedade de perspectivas sobre v\u00e1rios t\u00f3picos, incentivando o pensamento cr\u00edtico e a tomada de decis\u00f5es informadas. <\/li>\n\n\n\n<li><strong>Cita\u00e7\u00e3o e Atribui\u00e7\u00e3o:<\/strong> Ao referenciar fontes externas, fornecemos cita\u00e7\u00f5es e atribui\u00e7\u00f5es adequadas. Respeitamos os direitos de propriedade intelectual e garantimos que o cr\u00e9dito seja dado onde \u00e9 devido. <\/li>\n\n\n\n<li><strong>Transpar\u00eancia:<\/strong> Se um artigo contiver conte\u00fado patrocinado ou links de afiliados, divulgaremos isso claramente aos nossos leitores. Nosso foco principal \u00e9 fornecer conte\u00fado valioso, sendo quaisquer parcerias secund\u00e1rias a essa miss\u00e3o. <\/li>\n\n\n\n<li><strong>Engajamento do Usu\u00e1rio:<\/strong> Incentivamos os leitores a interagir com nosso conte\u00fado por meio de coment\u00e1rios e m\u00eddias sociais. Feedback construtivo, perguntas e diversos pontos de vista s\u00e3o sempre bem-vindos. Sua contribui\u00e7\u00e3o nos ajuda a crescer e melhorar.  <\/li>\n<\/ul>\n\n<p><strong>CONTE\u00daDO PATROCINADO:<\/strong><br\/>O <em>The Daily Overview<\/em> n\u00e3o aceita conte\u00fado patrocinado que comprometa nossa independ\u00eancia editorial. Quaisquer parcerias em que nos envolvemos s\u00e3o cuidadosamente avaliadas para garantir que estejam alinhadas com nossa miss\u00e3o e valores. <\/p>\n\n<ul class=\"wp-block-list\">\n<li><strong>Divulga\u00e7\u00e3o:<\/strong> Caso apresentemos conte\u00fado em colabora\u00e7\u00e3o com um parceiro, divulgaremos claramente a natureza da parceria para manter a transpar\u00eancia com nossos leitores.<\/li>\n\n\n\n<li><strong>Integridade Editorial:<\/strong> Nossa equipe editorial mant\u00e9m total controle sobre a cria\u00e7\u00e3o e sele\u00e7\u00e3o de conte\u00fado publicado no <em>The Daily Overview<\/em>. Patrocinadores ou anunciantes n\u00e3o influenciam os t\u00f3picos, opini\u00f5es ou conclus\u00f5es apresentadas em nossos artigos, avalia\u00e7\u00f5es ou qualquer outra forma de conte\u00fado. <\/li>\n\n\n\n<li><strong>Sem Endosso:<\/strong> Qualquer men\u00e7\u00e3o de produtos, servi\u00e7os ou marcas em nosso site \u00e9 baseada em nosso julgamento editorial independente. A aus\u00eancia de patroc\u00ednio n\u00e3o implica endosso ou recomenda\u00e7\u00e3o. <\/li>\n<\/ul>\n\n<p><strong>PRIVACIDADE E DADOS:<\/strong><br\/>Valorizamos a privacidade e a seguran\u00e7a de dados de nossos leitores. Consulte nossa Pol\u00edtica de Privacidade para obter detalhes sobre como coletamos, usamos e protegemos suas informa\u00e7\u00f5es pessoais. <\/p>\n\n<p><strong>CORRE\u00c7\u00d5ES E ATUALIZA\u00c7\u00d5ES:<\/strong><br\/>No <em>The Daily Overview<\/em>, estamos comprometidos em fornecer informa\u00e7\u00f5es precisas e confi\u00e1veis aos nossos leitores. Em caso de erros, nos esfor\u00e7amos para corrigi-los de forma r\u00e1pida e transparente. Esta pol\u00edtica de corre\u00e7\u00f5es editoriais descreve nossa abordagem para abordar e retificar erros em nosso conte\u00fado.  <\/p>\n\n<ul class=\"wp-block-list\">\n<li><strong>Identifica\u00e7\u00e3o de Erros:<\/strong> Nossa equipe editorial monitora e identifica erros no conte\u00fado publicado. Incentivamos os leitores a trazer erros potenciais \u00e0 nossa aten\u00e7\u00e3o por meio de canais designados (e-mail, coment\u00e1rios ou um formul\u00e1rio de corre\u00e7\u00f5es dedicado). <\/li>\n\n\n\n<li><strong>Tipos de Corre\u00e7\u00f5es:<\/strong>\n<ul class=\"wp-block-list\">\n<li><em>Erros Menores:<\/em> Erros de digita\u00e7\u00e3o, erros gramaticais e imprecis\u00f5es menores ser\u00e3o corrigidos sem um aviso de corre\u00e7\u00e3o separado.<\/li>\n\n\n\n<li><em>Erros Substanciais:<\/em> Imprecis\u00f5es materiais ou erros significativos que impactam a compreens\u00e3o geral de uma hist\u00f3ria ser\u00e3o corrigidos com um aviso de corre\u00e7\u00e3o claro.<\/li>\n<\/ul>\n<\/li>\n\n\n\n<li><strong>Processo de Corre\u00e7\u00f5es:<\/strong> Ap\u00f3s a identifica\u00e7\u00e3o de um erro, a equipe editorial revisar\u00e1 e verificar\u00e1 prontamente a precis\u00e3o da corre\u00e7\u00e3o. As corre\u00e7\u00f5es ser\u00e3o feitas diretamente no artigo, e uma nota ser\u00e1 adicionada no final do artigo explicando a natureza da corre\u00e7\u00e3o. <\/li>\n\n\n\n<li><strong>Aviso de Corre\u00e7\u00e3o:<\/strong> Um aviso de corre\u00e7\u00e3o incluir\u00e1 uma breve explica\u00e7\u00e3o do erro e da corre\u00e7\u00e3o feita. O aviso ser\u00e1 colocado em destaque no final do artigo corrigido para garantir a visibilidade. <\/li>\n\n\n\n<li><strong>Prazo das Corre\u00e7\u00f5es:<\/strong> As corre\u00e7\u00f5es ser\u00e3o feitas assim que o erro for verificado. Se uma corre\u00e7\u00e3o impactar a compreens\u00e3o de not\u00edcias de \u00faltima hora, ser\u00e3o feitos esfor\u00e7os para corrigi-la de forma r\u00e1pida e vis\u00edvel. <\/li>\n\n\n\n<li><strong>Transpar\u00eancia e Responsabilidade:<\/strong> Estamos comprometidos em ser transparentes sobre nossos erros e assumir a responsabilidade por corrigi-los. A pol\u00edtica de corre\u00e7\u00f5es \u00e9 facilmente acess\u00edvel aos leitores em nosso site. <\/li>\n\n\n\n<li><strong>Gerenciamento de Retrata\u00e7\u00f5es:<\/strong> Nos casos em que um artigo publicado for considerado substancialmente incorreto, enganoso ou prejudicial, emitiremos um aviso de retrata\u00e7\u00e3o. As retrata\u00e7\u00f5es ser\u00e3o claramente rotuladas, explicando o motivo da retrata\u00e7\u00e3o do conte\u00fado. <\/li>\n\n\n\n<li><strong>Engajamento do Leitor:<\/strong> Incentivamos os leitores a se envolverem conosco em rela\u00e7\u00e3o \u00e0s corre\u00e7\u00f5es e a fornecerem feedback sobre nosso processo de corre\u00e7\u00f5es. O feedback do leitor ser\u00e1 levado em considera\u00e7\u00e3o para melhorias cont\u00ednuas em nossos processos editoriais. Estamos comprometidos em corrigir prontamente quaisquer erros. Se voc\u00ea notar imprecis\u00f5es ou informa\u00e7\u00f5es desatualizadas em nosso conte\u00fado, entre em contato conosco em <a>admin@dailyoverview.com<\/a>, e resolveremos o problema.   <\/li>\n\n\n\n<li><strong>Revis\u00e3o e Revis\u00e3o:<\/strong> Esta pol\u00edtica de corre\u00e7\u00f5es ser\u00e1 revisada e atualizada regularmente para garantir sua efic\u00e1cia na manuten\u00e7\u00e3o dos mais altos padr\u00f5es de precis\u00e3o e transpar\u00eancia.<br\/>Data da \u00daltima Revis\u00e3o: 13 de mar\u00e7o de 2025<\/li>\n<\/ul>\n\n<p><strong>POL\u00cdTICA DE DIREITOS AUTORAIS:<\/strong><br\/>Todo o conte\u00fado do <em>The Daily Overview<\/em> \u00e9 protegido por leis de direitos autorais. A reprodu\u00e7\u00e3o, distribui\u00e7\u00e3o ou uso n\u00e3o autorizado de nosso conte\u00fado \u00e9 proibido sem permiss\u00e3o expl\u00edcita. Se voc\u00ea deseja republicar ou referenciar nosso trabalho, entre em contato conosco para aprova\u00e7\u00e3o.  <\/p>\n\n<p><strong>COMENT\u00c1RIOS E CONTE\u00daDO DO USU\u00c1RIO:<\/strong><br\/>Valorizamos o engajamento do leitor e damos as boas-vindas aos coment\u00e1rios. No entanto, reservamo-nos o direito de moderar, editar ou remover coment\u00e1rios que violem nossas diretrizes da comunidade. Observe que n\u00e3o endossamos nem nos responsabilizamos pelo conte\u00fado gerado pelo usu\u00e1rio na se\u00e7\u00e3o de coment\u00e1rios.  <\/p>\n\n<p><strong>CONTATE-NOS:<\/strong><br\/>Se voc\u00ea tiver alguma d\u00favida, preocupa\u00e7\u00e3o ou feedback sobre nossa pol\u00edtica editorial ou qualquer conte\u00fado do <em>The Daily Overview<\/em>, sinta-se \u00e0 vontade para entrar em contato conosco em business@thedailyoverview.com.<\/p>\n\n<p><strong>ALTERA\u00c7\u00d5ES NA POL\u00cdTICA EDITORIAL:<\/strong><br\/>Podemos atualizar nossa pol\u00edtica editorial de tempos em tempos para refletir mudan\u00e7as em nossas pr\u00e1ticas ou requisitos legais. Verifique esta p\u00e1gina para obter as informa\u00e7\u00f5es mais recentes. <\/p>\n\n<p><strong>A POL\u00cdTICA DE IA DO THE DAILY OVERVIEW<\/strong><br\/>O <em>The Daily Overview<\/em> reconhece os benef\u00edcios potenciais de incorporar tecnologias de intelig\u00eancia artificial (IA) em nossos processos de cria\u00e7\u00e3o de conte\u00fado. Esta pol\u00edtica de IA estabelece nossas diretrizes para o uso respons\u00e1vel e \u00e9tico da IA, defendendo os princ\u00edpios de precis\u00e3o, imparcialidade, transpar\u00eancia e responsabilidade. <\/p>\n\n<ul class=\"wp-block-list\">\n<li><strong>Objetivo da Integra\u00e7\u00e3o da IA:<\/strong> As tecnologias de IA podem ser empregadas para aumentar a efici\u00eancia e a precis\u00e3o na cria\u00e7\u00e3o e curadoria de conte\u00fado. Nosso objetivo \u00e9 otimizar os processos de produ\u00e7\u00e3o sem substituir o julgamento e a \u00e9tica editorial. <\/li>\n\n\n\n<li><strong>Considera\u00e7\u00f5es \u00c9ticas:<\/strong> As aplica\u00e7\u00f5es de IA s\u00e3o usadas em alinhamento com nossos valores. Garantimos que os algoritmos de IA n\u00e3o perpetuem preconceitos ou contribuam para uma representa\u00e7\u00e3o injusta. <\/li>\n\n\n\n<li><strong>Supervis\u00e3o Editorial:<\/strong> Nossa equipe editorial mant\u00e9m total controle sobre todos os processos de tomada de decis\u00e3o. Os editores s\u00e3o respons\u00e1veis por supervisionar e validar todo o conte\u00fado gerado por IA. <\/li>\n\n\n\n<li><strong>Privacidade de Dados:<\/strong> Protegemos a privacidade do usu\u00e1rio e aderimos aos regulamentos de prote\u00e7\u00e3o de dados. Nosso site comunica claramente como os dados s\u00e3o coletados, processados e usados em rela\u00e7\u00e3o \u00e0s tecnologias de IA. <\/li>\n\n\n\n<li><strong>Transpar\u00eancia e Divulga\u00e7\u00e3o:<\/strong> Divulgamos quando as tecnologias de IA s\u00e3o usadas na cria\u00e7\u00e3o ou curadoria de conte\u00fado e fornecemos informa\u00e7\u00f5es sobre seu papel no processo editorial.<\/li>\n\n\n\n<li><strong>Mitiga\u00e7\u00e3o de Preconceitos:<\/strong> Avaliamos regularmente o conte\u00fado gerado por IA para minimizar e corrigir preconceitos.<\/li>\n\n\n\n<li><strong>Responsabilidade e Capacidade de Resposta:<\/strong> Existem mecanismos em vigor para responsabiliza\u00e7\u00e3o em caso de erros ou consequ\u00eancias n\u00e3o intencionais relacionadas \u00e0 IA. Somos responsivos \u00e0s preocupa\u00e7\u00f5es e ao feedback dos usu\u00e1rios em rela\u00e7\u00e3o ao uso da IA. <\/li>\n\n\n\n<li><strong>Aprendizado Cont\u00ednuo e Adapta\u00e7\u00e3o:<\/strong> Mantemo-nos informados sobre os avan\u00e7os nas tecnologias de IA e as considera\u00e7\u00f5es \u00e9ticas, adaptando nossas pol\u00edticas de IA conforme necess\u00e1rio para enfrentar os desafios e oportunidades emergentes.<\/li>\n\n\n\n<li><strong>Revis\u00e3o e Revis\u00e3o:<\/strong> Esta pol\u00edtica de IA ser\u00e1 submetida a revis\u00e3o regular para incorporar os avan\u00e7os na tecnologia de IA, abordar as considera\u00e7\u00f5es \u00e9ticas e adaptar-se \u00e0s mudan\u00e7as nas melhores pr\u00e1ticas do setor.<br\/>Data da \u00daltima Revis\u00e3o: 13 de mar\u00e7o de 2025<\/li>\n<\/ul>\n","protected":false},"excerpt":{"rendered":"<p>Obrigado por visitar o The Daily Overview! Aqui est\u00e1 uma vis\u00e3o geral da nossa pol\u00edtica editorial. NOSSA MISS\u00c3O:O The Daily Overview est\u00e1 comprometido em fornecer cobertura precisa, justa e imparcial para a nossa comunidade. Nossa miss\u00e3o \u00e9 fornecer conselhos pr\u00e1ticos, avalia\u00e7\u00f5es honestas e conte\u00fado de alta qualidade que informe, eduque e envolva os leitores, defendendo&#8230;<\/p>\n","protected":false},"author":1,"featured_media":0,"parent":0,"menu_order":0,"comment_status":"closed","ping_status":"closed","template":"","meta":{"om_disable_all_campaigns":false,"footnotes":""},"class_list":["post-91188","page","type-page","status-publish","hentry"],"yoast_head":"<!-- This site is optimized with the Yoast SEO plugin v27.5 - https:\/\/yoast.com\/product\/yoast-seo-wordpress\/ -->\n<title>Pol\u00edtica Editorial - A Vis\u00e3o Geral Di\u00e1ria<\/title>\n<meta name=\"robots\" content=\"index, follow, max-snippet:-1, max-image-preview:large, max-video-preview:-1\" \/>\n<link rel=\"canonical\" href=\"https:\/\/thedailyoverview.com\/pt-br\/politica-editorial\/\" \/>\n<meta property=\"og:locale\" content=\"pt_BR\" \/>\n<meta property=\"og:type\" content=\"article\" \/>\n<meta property=\"og:title\" content=\"Pol\u00edtica Editorial - A Vis\u00e3o Geral Di\u00e1ria\" \/>\n<meta property=\"og:description\" content=\"Obrigado por visitar o The Daily Overview! Aqui est\u00e1 uma vis\u00e3o geral da nossa pol\u00edtica editorial. NOSSA MISS\u00c3O:O The Daily Overview est\u00e1 comprometido em fornecer cobertura precisa, justa e imparcial para a nossa comunidade. Nossa miss\u00e3o \u00e9 fornecer conselhos pr\u00e1ticos, avalia\u00e7\u00f5es honestas e conte\u00fado de alta qualidade que informe, eduque e envolva os leitores, defendendo...\" \/>\n<meta property=\"og:url\" content=\"https:\/\/thedailyoverview.com\/pt-br\/politica-editorial\/\" \/>\n<meta property=\"og:site_name\" content=\"A Vis\u00e3o Geral Di\u00e1ria\" \/>\n<meta property=\"article:modified_time\" content=\"2025-12-28T19:58:22+00:00\" \/>\n<meta name=\"twitter:card\" content=\"summary_large_image\" \/>\n<meta name=\"twitter:site\" content=\"@NateCrossWrites\" \/>\n<meta name=\"twitter:label1\" content=\"Est. tempo de leitura\" \/>\n\t<meta name=\"twitter:data1\" content=\"10 minutos\" \/>\n<script type=\"application\/ld+json\" class=\"yoast-schema-graph\">{\"@context\":\"https:\\\/\\\/schema.org\",\"@graph\":[{\"@type\":\"WebPage\",\"@id\":\"https:\\\/\\\/thedailyoverview.com\\\/pt-br\\\/politica-editorial\\\/\",\"url\":\"https:\\\/\\\/thedailyoverview.com\\\/pt-br\\\/politica-editorial\\\/\",\"name\":\"Pol\u00edtica Editorial - A Vis\u00e3o Geral Di\u00e1ria\",\"isPartOf\":{\"@id\":\"https:\\\/\\\/thedailyoverview.com\\\/#website\"},\"datePublished\":\"2025-03-21T07:36:31+00:00\",\"dateModified\":\"2025-12-28T19:58:22+00:00\",\"breadcrumb\":{\"@id\":\"https:\\\/\\\/thedailyoverview.com\\\/pt-br\\\/politica-editorial\\\/#breadcrumb\"},\"inLanguage\":\"pt-BR\",\"potentialAction\":[{\"@type\":\"ReadAction\",\"target\":[\"https:\\\/\\\/thedailyoverview.com\\\/pt-br\\\/politica-editorial\\\/\"]}]},{\"@type\":\"BreadcrumbList\",\"@id\":\"https:\\\/\\\/thedailyoverview.com\\\/pt-br\\\/politica-editorial\\\/#breadcrumb\",\"itemListElement\":[{\"@type\":\"ListItem\",\"position\":1,\"name\":\"Home\",\"item\":\"https:\\\/\\\/thedailyoverview.com\\\/\"},{\"@type\":\"ListItem\",\"position\":2,\"name\":\"Pol\u00edtica Editorial\"}]},{\"@type\":\"WebSite\",\"@id\":\"https:\\\/\\\/thedailyoverview.com\\\/#website\",\"url\":\"https:\\\/\\\/thedailyoverview.com\\\/\",\"name\":\"The Daily Overview\",\"description\":\"Dinheiro, riqueza e poder: um olhar di\u00e1rio sobre o mundo financeiro\",\"publisher\":{\"@id\":\"https:\\\/\\\/thedailyoverview.com\\\/#organization\"},\"potentialAction\":[{\"@type\":\"SearchAction\",\"target\":{\"@type\":\"EntryPoint\",\"urlTemplate\":\"https:\\\/\\\/thedailyoverview.com\\\/?s={search_term_string}\"},\"query-input\":{\"@type\":\"PropertyValueSpecification\",\"valueRequired\":true,\"valueName\":\"search_term_string\"}}],\"inLanguage\":\"pt-BR\"},{\"@type\":\"Organization\",\"@id\":\"https:\\\/\\\/thedailyoverview.com\\\/#organization\",\"name\":\"The Daily Overview\",\"url\":\"https:\\\/\\\/thedailyoverview.com\\\/\",\"logo\":{\"@type\":\"ImageObject\",\"inLanguage\":\"pt-BR\",\"@id\":\"https:\\\/\\\/thedailyoverview.com\\\/#\\\/schema\\\/logo\\\/image\\\/\",\"url\":\"https:\\\/\\\/thedailyoverview.com\\\/wp-content\\\/uploads\\\/2025\\\/03\\\/cropped-9C7A4F1F-7DEB-4CEE-9756-1F709ED7F4F4.png\",\"contentUrl\":\"https:\\\/\\\/thedailyoverview.com\\\/wp-content\\\/uploads\\\/2025\\\/03\\\/cropped-9C7A4F1F-7DEB-4CEE-9756-1F709ED7F4F4.png\",\"width\":2827,\"height\":2827,\"caption\":\"The Daily Overview\"},\"image\":{\"@id\":\"https:\\\/\\\/thedailyoverview.com\\\/#\\\/schema\\\/logo\\\/image\\\/\"},\"sameAs\":[\"https:\\\/\\\/x.com\\\/NateCrossWrites\"]}]}<\/script>\n<!-- \/ Yoast SEO plugin. -->","yoast_head_json":{"title":"Pol\u00edtica Editorial - A Vis\u00e3o Geral Di\u00e1ria","robots":{"index":"index","follow":"follow","max-snippet":"max-snippet:-1","max-image-preview":"max-image-preview:large","max-video-preview":"max-video-preview:-1"},"canonical":"https:\/\/thedailyoverview.com\/pt-br\/politica-editorial\/","og_locale":"pt_BR","og_type":"article","og_title":"Pol\u00edtica Editorial - A Vis\u00e3o Geral Di\u00e1ria","og_description":"Obrigado por visitar o The Daily Overview! Aqui est\u00e1 uma vis\u00e3o geral da nossa pol\u00edtica editorial. NOSSA MISS\u00c3O:O The Daily Overview est\u00e1 comprometido em fornecer cobertura precisa, justa e imparcial para a nossa comunidade. Nossa miss\u00e3o \u00e9 fornecer conselhos pr\u00e1ticos, avalia\u00e7\u00f5es honestas e conte\u00fado de alta qualidade que informe, eduque e envolva os leitores, defendendo...","og_url":"https:\/\/thedailyoverview.com\/pt-br\/politica-editorial\/","og_site_name":"A Vis\u00e3o Geral Di\u00e1ria","article_modified_time":"2025-12-28T19:58:22+00:00","twitter_card":"summary_large_image","twitter_site":"@NateCrossWrites","twitter_misc":{"Est. tempo de leitura":"10 minutos"},"schema":{"@context":"https:\/\/schema.org","@graph":[{"@type":"WebPage","@id":"https:\/\/thedailyoverview.com\/pt-br\/politica-editorial\/","url":"https:\/\/thedailyoverview.com\/pt-br\/politica-editorial\/","name":"Pol\u00edtica Editorial - A Vis\u00e3o Geral Di\u00e1ria","isPartOf":{"@id":"https:\/\/thedailyoverview.com\/#website"},"datePublished":"2025-03-21T07:36:31+00:00","dateModified":"2025-12-28T19:58:22+00:00","breadcrumb":{"@id":"https:\/\/thedailyoverview.com\/pt-br\/politica-editorial\/#breadcrumb"},"inLanguage":"pt-BR","potentialAction":[{"@type":"ReadAction","target":["https:\/\/thedailyoverview.com\/pt-br\/politica-editorial\/"]}]},{"@type":"BreadcrumbList","@id":"https:\/\/thedailyoverview.com\/pt-br\/politica-editorial\/#breadcrumb","itemListElement":[{"@type":"ListItem","position":1,"name":"Home","item":"https:\/\/thedailyoverview.com\/"},{"@type":"ListItem","position":2,"name":"Pol\u00edtica Editorial"}]},{"@type":"WebSite","@id":"https:\/\/thedailyoverview.com\/#website","url":"https:\/\/thedailyoverview.com\/","name":"The Daily Overview","description":"Dinheiro, riqueza e poder: um olhar di\u00e1rio sobre o mundo financeiro","publisher":{"@id":"https:\/\/thedailyoverview.com\/#organization"},"potentialAction":[{"@type":"SearchAction","target":{"@type":"EntryPoint","urlTemplate":"https:\/\/thedailyoverview.com\/?s={search_term_string}"},"query-input":{"@type":"PropertyValueSpecification","valueRequired":true,"valueName":"search_term_string"}}],"inLanguage":"pt-BR"},{"@type":"Organization","@id":"https:\/\/thedailyoverview.com\/#organization","name":"The Daily Overview","url":"https:\/\/thedailyoverview.com\/","logo":{"@type":"ImageObject","inLanguage":"pt-BR","@id":"https:\/\/thedailyoverview.com\/#\/schema\/logo\/image\/","url":"https:\/\/thedailyoverview.com\/wp-content\/uploads\/2025\/03\/cropped-9C7A4F1F-7DEB-4CEE-9756-1F709ED7F4F4.png","contentUrl":"https:\/\/thedailyoverview.com\/wp-content\/uploads\/2025\/03\/cropped-9C7A4F1F-7DEB-4CEE-9756-1F709ED7F4F4.png","width":2827,"height":2827,"caption":"The Daily Overview"},"image":{"@id":"https:\/\/thedailyoverview.com\/#\/schema\/logo\/image\/"},"sameAs":["https:\/\/x.com\/NateCrossWrites"]}]}},"_links":{"self":[{"href":"https:\/\/thedailyoverview.com\/pt-br\/wp-json\/wp\/v2\/pages\/91188","targetHints":{"allow":["GET"]}}],"collection":[{"href":"https:\/\/thedailyoverview.com\/pt-br\/wp-json\/wp\/v2\/pages"}],"about":[{"href":"https:\/\/thedailyoverview.com\/pt-br\/wp-json\/wp\/v2\/types\/page"}],"author":[{"embeddable":true,"href":"https:\/\/thedailyoverview.com\/pt-br\/wp-json\/wp\/v2\/users\/1"}],"replies":[{"embeddable":true,"href":"https:\/\/thedailyoverview.com\/pt-br\/wp-json\/wp\/v2\/comments?post=91188"}],"version-history":[{"count":1,"href":"https:\/\/thedailyoverview.com\/pt-br\/wp-json\/wp\/v2\/pages\/91188\/revisions"}],"predecessor-version":[{"id":91189,"href":"https:\/\/thedailyoverview.com\/pt-br\/wp-json\/wp\/v2\/pages\/91188\/revisions\/91189"}],"wp:attachment":[{"href":"https:\/\/thedailyoverview.com\/pt-br\/wp-json\/wp\/v2\/media?parent=91188"}],"curies":[{"name":"wp","href":"https:\/\/api.w.org\/{rel}","templated":true}]}}