{"id":91248,"date":"2022-01-15T12:51:37","date_gmt":"2022-01-15T17:51:37","guid":{"rendered":"https:\/\/thedailyoverview.com\/fale-conosco\/"},"modified":"2025-12-28T14:59:47","modified_gmt":"2025-12-28T19:59:47","slug":"fale-conosco","status":"publish","type":"page","link":"https:\/\/thedailyoverview.com\/pt-br\/fale-conosco\/","title":{"rendered":"Fale Conosco"},"content":{"rendered":"\n<p>Agradecemos o seu interesse no <em>The Daily Overview<\/em>! Se voc\u00ea tiver alguma pergunta, dica de not\u00edcia ou consulta comercial, estamos aqui para ajudar.<\/p>\n\n<p>Para todas as perguntas, incluindo quest\u00f5es editoriais, oportunidades de publicidade e feedback geral, entre em contato conosco em:<\/p>\n\n<p>\ud83d\udce7 business@thedailyoverview.com<\/p>\n\n<p>Nossa equipe far\u00e1 o poss\u00edvel para responder o mais breve poss\u00edvel. Obrigado por entrar em contato. Estamos ansiosos para ouvir voc\u00ea! <\/p>\n\n<p><\/p>\n","protected":false},"excerpt":{"rendered":"<p>Agradecemos o seu interesse no The Daily Overview! Se voc\u00ea tiver alguma pergunta, dica de not\u00edcia ou consulta comercial, estamos aqui para ajudar. Para todas as perguntas, incluindo quest\u00f5es editoriais, oportunidades de publicidade e feedback geral, entre em contato conosco em: \ud83d\udce7 business@thedailyoverview.com Nossa equipe far\u00e1 o poss\u00edvel para responder o mais breve poss\u00edvel. Obrigado&#8230;<\/p>\n","protected":false},"author":1,"featured_media":0,"parent":0,"menu_order":0,"comment_status":"closed","ping_status":"closed","template":"elementor_header_footer","meta":{"om_disable_all_campaigns":false,"footnotes":""},"class_list":["post-91248","page","type-page","status-publish","hentry"],"yoast_head":"<!-- This site is optimized with the Yoast SEO plugin v27.5 - https:\/\/yoast.com\/product\/yoast-seo-wordpress\/ -->\n<title>Fale Conosco - A Vis\u00e3o Geral Di\u00e1ria<\/title>\n<meta name=\"robots\" content=\"index, follow, max-snippet:-1, max-image-preview:large, max-video-preview:-1\" \/>\n<link rel=\"canonical\" href=\"https:\/\/thedailyoverview.com\/pt-br\/fale-conosco\/\" \/>\n<meta property=\"og:locale\" content=\"pt_BR\" \/>\n<meta property=\"og:type\" content=\"article\" \/>\n<meta property=\"og:title\" content=\"Fale Conosco - A Vis\u00e3o Geral Di\u00e1ria\" \/>\n<meta property=\"og:description\" content=\"Agradecemos o seu interesse no The Daily Overview! Se voc\u00ea tiver alguma pergunta, dica de not\u00edcia ou consulta comercial, estamos aqui para ajudar. Para todas as perguntas, incluindo quest\u00f5es editoriais, oportunidades de publicidade e feedback geral, entre em contato conosco em: \ud83d\udce7 business@thedailyoverview.com Nossa equipe far\u00e1 o poss\u00edvel para responder o mais breve poss\u00edvel. Obrigado...\" \/>\n<meta property=\"og:url\" content=\"https:\/\/thedailyoverview.com\/pt-br\/fale-conosco\/\" \/>\n<meta property=\"og:site_name\" content=\"A Vis\u00e3o Geral Di\u00e1ria\" \/>\n<meta property=\"article:modified_time\" content=\"2025-12-28T19:59:47+00:00\" \/>\n<meta name=\"twitter:card\" content=\"summary_large_image\" \/>\n<meta name=\"twitter:site\" content=\"@NateCrossWrites\" \/>\n<script type=\"application\/ld+json\" class=\"yoast-schema-graph\">{\"@context\":\"https:\\\/\\\/schema.org\",\"@graph\":[{\"@type\":\"WebPage\",\"@id\":\"https:\\\/\\\/thedailyoverview.com\\\/pt-br\\\/fale-conosco\\\/\",\"url\":\"https:\\\/\\\/thedailyoverview.com\\\/pt-br\\\/fale-conosco\\\/\",\"name\":\"Fale Conosco - A Vis\u00e3o Geral Di\u00e1ria\",\"isPartOf\":{\"@id\":\"https:\\\/\\\/thedailyoverview.com\\\/#website\"},\"datePublished\":\"2022-01-15T17:51:37+00:00\",\"dateModified\":\"2025-12-28T19:59:47+00:00\",\"breadcrumb\":{\"@id\":\"https:\\\/\\\/thedailyoverview.com\\\/pt-br\\\/fale-conosco\\\/#breadcrumb\"},\"inLanguage\":\"pt-BR\",\"potentialAction\":[{\"@type\":\"ReadAction\",\"target\":[\"https:\\\/\\\/thedailyoverview.com\\\/pt-br\\\/fale-conosco\\\/\"]}]},{\"@type\":\"BreadcrumbList\",\"@id\":\"https:\\\/\\\/thedailyoverview.com\\\/pt-br\\\/fale-conosco\\\/#breadcrumb\",\"itemListElement\":[{\"@type\":\"ListItem\",\"position\":1,\"name\":\"Home\",\"item\":\"https:\\\/\\\/thedailyoverview.com\\\/\"},{\"@type\":\"ListItem\",\"position\":2,\"name\":\"Fale Conosco\"}]},{\"@type\":\"WebSite\",\"@id\":\"https:\\\/\\\/thedailyoverview.com\\\/#website\",\"url\":\"https:\\\/\\\/thedailyoverview.com\\\/\",\"name\":\"The Daily Overview\",\"description\":\"Dinheiro, riqueza e poder: um olhar di\u00e1rio sobre o mundo financeiro\",\"publisher\":{\"@id\":\"https:\\\/\\\/thedailyoverview.com\\\/#organization\"},\"potentialAction\":[{\"@type\":\"SearchAction\",\"target\":{\"@type\":\"EntryPoint\",\"urlTemplate\":\"https:\\\/\\\/thedailyoverview.com\\\/?s={search_term_string}\"},\"query-input\":{\"@type\":\"PropertyValueSpecification\",\"valueRequired\":true,\"valueName\":\"search_term_string\"}}],\"inLanguage\":\"pt-BR\"},{\"@type\":\"Organization\",\"@id\":\"https:\\\/\\\/thedailyoverview.com\\\/#organization\",\"name\":\"The Daily Overview\",\"url\":\"https:\\\/\\\/thedailyoverview.com\\\/\",\"logo\":{\"@type\":\"ImageObject\",\"inLanguage\":\"pt-BR\",\"@id\":\"https:\\\/\\\/thedailyoverview.com\\\/#\\\/schema\\\/logo\\\/image\\\/\",\"url\":\"https:\\\/\\\/thedailyoverview.com\\\/wp-content\\\/uploads\\\/2025\\\/03\\\/cropped-9C7A4F1F-7DEB-4CEE-9756-1F709ED7F4F4.png\",\"contentUrl\":\"https:\\\/\\\/thedailyoverview.com\\\/wp-content\\\/uploads\\\/2025\\\/03\\\/cropped-9C7A4F1F-7DEB-4CEE-9756-1F709ED7F4F4.png\",\"width\":2827,\"height\":2827,\"caption\":\"The Daily Overview\"},\"image\":{\"@id\":\"https:\\\/\\\/thedailyoverview.com\\\/#\\\/schema\\\/logo\\\/image\\\/\"},\"sameAs\":[\"https:\\\/\\\/x.com\\\/NateCrossWrites\"]}]}<\/script>\n<!-- \/ Yoast SEO plugin. -->","yoast_head_json":{"title":"Fale Conosco - A Vis\u00e3o Geral Di\u00e1ria","robots":{"index":"index","follow":"follow","max-snippet":"max-snippet:-1","max-image-preview":"max-image-preview:large","max-video-preview":"max-video-preview:-1"},"canonical":"https:\/\/thedailyoverview.com\/pt-br\/fale-conosco\/","og_locale":"pt_BR","og_type":"article","og_title":"Fale Conosco - A Vis\u00e3o Geral Di\u00e1ria","og_description":"Agradecemos o seu interesse no The Daily Overview! Se voc\u00ea tiver alguma pergunta, dica de not\u00edcia ou consulta comercial, estamos aqui para ajudar. Para todas as perguntas, incluindo quest\u00f5es editoriais, oportunidades de publicidade e feedback geral, entre em contato conosco em: \ud83d\udce7 business@thedailyoverview.com Nossa equipe far\u00e1 o poss\u00edvel para responder o mais breve poss\u00edvel. Obrigado...","og_url":"https:\/\/thedailyoverview.com\/pt-br\/fale-conosco\/","og_site_name":"A Vis\u00e3o Geral Di\u00e1ria","article_modified_time":"2025-12-28T19:59:47+00:00","twitter_card":"summary_large_image","twitter_site":"@NateCrossWrites","schema":{"@context":"https:\/\/schema.org","@graph":[{"@type":"WebPage","@id":"https:\/\/thedailyoverview.com\/pt-br\/fale-conosco\/","url":"https:\/\/thedailyoverview.com\/pt-br\/fale-conosco\/","name":"Fale Conosco - A Vis\u00e3o Geral Di\u00e1ria","isPartOf":{"@id":"https:\/\/thedailyoverview.com\/#website"},"datePublished":"2022-01-15T17:51:37+00:00","dateModified":"2025-12-28T19:59:47+00:00","breadcrumb":{"@id":"https:\/\/thedailyoverview.com\/pt-br\/fale-conosco\/#breadcrumb"},"inLanguage":"pt-BR","potentialAction":[{"@type":"ReadAction","target":["https:\/\/thedailyoverview.com\/pt-br\/fale-conosco\/"]}]},{"@type":"BreadcrumbList","@id":"https:\/\/thedailyoverview.com\/pt-br\/fale-conosco\/#breadcrumb","itemListElement":[{"@type":"ListItem","position":1,"name":"Home","item":"https:\/\/thedailyoverview.com\/"},{"@type":"ListItem","position":2,"name":"Fale Conosco"}]},{"@type":"WebSite","@id":"https:\/\/thedailyoverview.com\/#website","url":"https:\/\/thedailyoverview.com\/","name":"The Daily Overview","description":"Dinheiro, riqueza e poder: um olhar di\u00e1rio sobre o mundo financeiro","publisher":{"@id":"https:\/\/thedailyoverview.com\/#organization"},"potentialAction":[{"@type":"SearchAction","target":{"@type":"EntryPoint","urlTemplate":"https:\/\/thedailyoverview.com\/?s={search_term_string}"},"query-input":{"@type":"PropertyValueSpecification","valueRequired":true,"valueName":"search_term_string"}}],"inLanguage":"pt-BR"},{"@type":"Organization","@id":"https:\/\/thedailyoverview.com\/#organization","name":"The Daily Overview","url":"https:\/\/thedailyoverview.com\/","logo":{"@type":"ImageObject","inLanguage":"pt-BR","@id":"https:\/\/thedailyoverview.com\/#\/schema\/logo\/image\/","url":"https:\/\/thedailyoverview.com\/wp-content\/uploads\/2025\/03\/cropped-9C7A4F1F-7DEB-4CEE-9756-1F709ED7F4F4.png","contentUrl":"https:\/\/thedailyoverview.com\/wp-content\/uploads\/2025\/03\/cropped-9C7A4F1F-7DEB-4CEE-9756-1F709ED7F4F4.png","width":2827,"height":2827,"caption":"The Daily Overview"},"image":{"@id":"https:\/\/thedailyoverview.com\/#\/schema\/logo\/image\/"},"sameAs":["https:\/\/x.com\/NateCrossWrites"]}]}},"_links":{"self":[{"href":"https:\/\/thedailyoverview.com\/pt-br\/wp-json\/wp\/v2\/pages\/91248","targetHints":{"allow":["GET"]}}],"collection":[{"href":"https:\/\/thedailyoverview.com\/pt-br\/wp-json\/wp\/v2\/pages"}],"about":[{"href":"https:\/\/thedailyoverview.com\/pt-br\/wp-json\/wp\/v2\/types\/page"}],"author":[{"embeddable":true,"href":"https:\/\/thedailyoverview.com\/pt-br\/wp-json\/wp\/v2\/users\/1"}],"replies":[{"embeddable":true,"href":"https:\/\/thedailyoverview.com\/pt-br\/wp-json\/wp\/v2\/comments?post=91248"}],"version-history":[{"count":1,"href":"https:\/\/thedailyoverview.com\/pt-br\/wp-json\/wp\/v2\/pages\/91248\/revisions"}],"predecessor-version":[{"id":91250,"href":"https:\/\/thedailyoverview.com\/pt-br\/wp-json\/wp\/v2\/pages\/91248\/revisions\/91250"}],"wp:attachment":[{"href":"https:\/\/thedailyoverview.com\/pt-br\/wp-json\/wp\/v2\/media?parent=91248"}],"curies":[{"name":"wp","href":"https:\/\/api.w.org\/{rel}","templated":true}]}}